{"id":11459,"date":"2018-05-11T16:48:58","date_gmt":"2018-05-11T14:48:58","guid":{"rendered":"https:\/\/www.mabi.fr\/mentions-legales\/"},"modified":"2019-04-11T10:21:56","modified_gmt":"2019-04-11T08:21:56","slug":"mentions-legales","status":"publish","type":"page","link":"https:\/\/www.mabi.fr\/de\/mentions-legales\/","title":{"rendered":"Mentions L\u00e9gales"},"content":{"rendered":"<div class=\"wpb-content-wrapper\"><p>[vc_row][vc_column][vc_column_text]<strong><u>ANNEXE \/ Donn\u00e9es r\u00e9colt\u00e9es <\/u><\/strong>:<\/p>\n<p><em>\u00ab\u00a0Mabi <\/em><em>est amen\u00e9e \u00e0 collecter vos donn\u00e9es de diff\u00e9rentes mani\u00e8res\u00a0:<\/em><\/p>\n<ul>\n<li><em>les donn\u00e9es que vous lui fournissez directement\u00a0;<\/em><\/li>\n<li><em>les donn\u00e9es qu\u2019elle peut obtenir de sources tierces.<\/em><\/li>\n<\/ul>\n<p><em>Lorsque vous acc\u00e9dez \u00e0 son site internet, \u00e0 ses applications, pages sur les r\u00e9seaux sociaux, vous pouvez \u00eatre amen\u00e9 \u00e0 fournir des donn\u00e9es personnelles en\u00a0:<\/em><\/p>\n<ul>\n<li><em>remplissant nos divers formulaires sur son site internet ou bien sur des salons professionnels\u00a0 \u00a0;<\/em><\/li>\n<li><em>\u00e9crivant des commentaires \u00e0 travers nos divers formulaires\u00a0;<\/em><\/li>\n<li><em>cr\u00e9ant un compte client;<\/em><\/li>\n<li><em>donnant des informations n\u00e9cessaires \u00e0 la r\u00e9alisation d\u2018une commande. <\/em><\/li>\n<\/ul>\n<p><em>\u00a0<\/em><\/p>\n<p><em>Le caract\u00e8re indispensable de la donn\u00e9e personnelle sollicit\u00e9e par Mabi dans le cadre de l\u2019ex\u00e9cution du contrat de vente sera identifi\u00e9 par un ast\u00e9risque<\/em><\/p>\n<p><em>\u00a0<\/em><\/p>\n<p><em>Mabi <\/em><em>est \u00e9galement amen\u00e9e \u00e0 collecter des donn\u00e9es personnelles lors de la navigation des personnes physiques sur son site internet notamment par l\u2019interm\u00e9diaire de cookies que vous pouvez param\u00e9trer.<\/em><\/p>\n<p><em>Mabi <\/em><em>veille \u00e0 ne collecter et ne traiter que des donn\u00e9es strictement n\u00e9cessaires eu \u00e9gard \u00e0 la finalit\u00e9 du traitement qui est mis en \u0153uvre.<\/em><\/p>\n<p><em>Mabi <\/em><em>est donc amen\u00e9e \u00e0 collecter des donn\u00e9es telles que notamment\u00a0: <\/em><\/p>\n<ul>\n<li><em>des donn\u00e9es de contact\u00a0: nom, pr\u00e9nom, adresse postale, num\u00e9ro de t\u00e9l\u00e9phone, adresse \u00e9lectronique\u00a0; <\/em><\/li>\n<li><em>les informations n\u00e9cessaires \u00e0 la r\u00e9alisation d\u2019une commande (adresse de livraison, adresse de facturation, num\u00e9ro de<\/em> <em>t\u00e9l\u00e9phone etc.)\u00a0;<\/em><\/li>\n<li><em>les r\u00e9f\u00e9rences de connexion \u00e0 votre compte client\u00a0: nom d\u2019utilisateur et mot de passe\u00a0;<\/em><\/li>\n<li><em>les informations concernant l\u2019ordinateur et l\u2019environnement de connexion telles que l\u2019adresse IP, historiques de connexion, logs, identifiants des terminaux, identifiants de connexion, informations d&#8217;horodatage, etc.<\/em><\/li>\n<\/ul>\n<p><em>\u00a0<\/em><\/p>\n<p><em>Mabi est \u00e9galement amen\u00e9e \u00e0 collecter des donn\u00e9es indirectes telles que notamment des donn\u00e9es collect\u00e9es par le biais d\u2019applications comme Google Analytics visant \u00e0 g\u00e9rer des statistiques. Mabi vous invite \u00e0 consulter sa politique de gestion des cookies afin de les param\u00e9trer<\/em><\/p>\n<p><em>Les donn\u00e9es collect\u00e9es indirectement\u00a0 ne seront utilis\u00e9es que pour suivre le volume, le type et la configuration du trafic utilisant le site internet, pour en d\u00e9velopper la conception et l&#8217;agencement et \u00e0 d&#8217;autres fins administratives et de planification et plus g\u00e9n\u00e9ralement pour am\u00e9liorer le service que Mabi vous offre.<\/em><\/p>\n<p>Ces donn\u00e9es sont collect\u00e9es uniquement pour les finalit\u00e9s \u00e9num\u00e9r\u00e9es ci-dessous et \u00e0 chaque fois que vous serez amen\u00e9 \u00e0 utiliser une de nos fonctionnalit\u00e9s ou services.\u00a0\u00bb[\/vc_column_text][vc_column_text]<\/p>\n<p>&nbsp;<\/p>\n<p><strong><u>ANNEXE \/\u00a0<\/u><\/strong><strong><u>Finalit\u00e9s de la collecte<\/u><\/strong><\/p>\n<p>&nbsp;<\/p>\n<p><em>\u00ab\u00a0Les traitements mis en \u0153uvre par Mabi r\u00e9pondent \u00e0 une ou plusieurs finalit\u00e9s explicites, l\u00e9gitimes et d\u00e9termin\u00e9es : <\/em><\/p>\n<p><em>Les donn\u00e9es collect\u00e9es sont utilis\u00e9es par <\/em><em>Mabi <\/em><em>pour\u00a0:<\/em><\/p>\n<ul>\n<li><em>ex\u00e9cuter les obligations li\u00e9es \u00e0 son activit\u00e9 et \u00e0 la vente de ses produits\u00a0(pour vous donner acc\u00e8s aux fonctionnalit\u00e9s et services auxquels vous avez souscrits le cas \u00e9ch\u00e9ant) ;<\/em><\/li>\n<li><em>r\u00e9pondre \u00e0 vos demandes diverses ou ex\u00e9cuter un contrat avec vous\u00a0;<\/em><\/li>\n<li><em>fournir, activer, g\u00e9rer votre acc\u00e8s \u00e0 votre compte client\u00a0;<\/em><\/li>\n<li><em>g\u00e9rer le fonctionnement et l\u2019optimisation du service de commande en ligne\u00a0;<\/em><\/li>\n<li><em>mettre en \u0153uvre une assistance du client\u00a0;<\/em><\/li>\n<li><em>traiter et r\u00e9pondre \u00e0 une demande, commande effectu\u00e9e sur le site (enregistrement, confirmation et suivi de la commande du produit)\u00a0;<\/em><\/li>\n<li><em>traiter le suivi et les relances des commandes par mail ou par t\u00e9l\u00e9phone\u00a0;<\/em><\/li>\n<li><em>g\u00e9rer les livraisons\u00a0;<\/em><\/li>\n<li><em>g\u00e9rer le service de livraison du produit et du service apr\u00e8s-vente\u00a0;<\/em><\/li>\n<li><em>prospecter sur les r\u00e9seaux sociaux Facebook, LinkedIn\u00a0;<\/em><\/li>\n<li><em>g\u00e9rer le service en ligne (notifications en cas de suspension du service \u2026)\u00a0;<\/em><\/li>\n<li><em>g\u00e9rer les fichiers clients avec l\u2019envoi d\u2019offres commerciales et des informations sur les actualit\u00e9s de Mabi lorsque vous avez donn\u00e9 votre consentement\u00a0;<\/em><\/li>\n<li><em>envoyer des newsletters\u00a0<\/em><em>;<\/em><\/li>\n<li><em>envoyer des documents marketing (catalogue) par courrier\u00a0;<\/em><\/li>\n<li><em>analyser des pr\u00e9f\u00e9rences et habitudes de navigation et d\u2019achat sur le site internet de Mabi afin d\u2019effectuer des statistiques et envoyer des offres promotionnelles, des offres commerciales ou publicitaires personnalis\u00e9es en fonction des pr\u00e9f\u00e9rences de l\u2019utilisateur\u00a0;<\/em><\/li>\n<li><em>proc\u00e9der \u00e0 des analyses statistiques de consommation et de fr\u00e9quentation du site\u00a0;<\/em><\/li>\n<li><em>v\u00e9rifier, identifier et authentifier les donn\u00e9es transmises par le Client\u00a0;<\/em><\/li>\n<li><em>pr\u00e9venir et d\u00e9tecter des fraudes et g\u00e9rer des incidents de s\u00e9curit\u00e9\u00a0;<\/em><\/li>\n<li><em>respecter des dispositions l\u00e9gales et r\u00e9glementaires afin d\u2019assurer, le cas \u00e9ch\u00e9ant, la conformit\u00e9 de Mabi \u00e0 ses obligations l\u00e9gales\u00a0;<\/em><\/li>\n<li><em>faire respecter ses contrats, r\u00e9soudre d\u2019\u00e9ventuels litiges\u00a0;<\/em><\/li>\n<li><em>d\u00e9fendre les droits de Mabi dans le cadre d\u2019une proc\u00e9dure judiciaire.\u00a0\u00bb<\/em><\/li>\n<\/ul>\n<p>[\/vc_column_text][vc_column_text]<\/p>\n<p><strong><u>ANNEXE \/<\/u><\/strong><strong><u>Dur\u00e9e de conservation des donn\u00e9es\u00a0: <\/u><\/strong><\/p>\n<p><em>\u00ab\u00a0Les donn\u00e9es seront conserv\u00e9es par <\/em><em>Mabi <\/em><em>pour toute la dur\u00e9e de la relation commerciale et aussi longtemps que n\u00e9cessaire afin d\u2019ex\u00e9cuter les obligations que vous nous avez demand\u00e9es, afin de respecter ses obligations l\u00e9gales, et de satisfaire aux finalit\u00e9s d\u00e9crites dans la pr\u00e9sente politique de confidentialit\u00e9, ou encore r\u00e9soudre des diff\u00e9rends.<\/em><\/p>\n<p><em>Mabi <\/em><em>est \u00e9galement en droit de conserver et de traiter les donn\u00e9es en vertu de son int\u00e9r\u00eat l\u00e9gitime. Elle peut \u00e9galement conserver vos donn\u00e9es apr\u00e8s que vous ayez cess\u00e9 d\u2019utiliser les services de <\/em><em>Mabi<\/em><em> conform\u00e9ment \u00e0 la prescription l\u00e9gale.<\/em><\/p>\n<p><em>A l\u2019\u00e9ch\u00e9ance de cette p\u00e9riode, <\/em><em>Mabi<\/em><em> s\u2019engage \u00e0 supprimer tous les documents et fichiers contenant les donn\u00e9es de fa\u00e7on irr\u00e9versible. <\/em><\/p>\n<p><em>Toutefois, les donn\u00e9es n\u00e9cessaires au respect des obligations l\u00e9gales et r\u00e9glementaires ou pour permettre de se m\u00e9nager la preuve des droits et obligations respectifs, seront conserv\u00e9es par <\/em><em>Mabi.<\/em><\/p>\n<p><em>Les donn\u00e9es relatives aux achats effectu\u00e9s permettant d\u2019effectuer un profilage \u00e0 des fins notamment marketing, seront conserv\u00e9es pour la dur\u00e9e limit\u00e9e conform\u00e9ment \u00e0 la dur\u00e9e maximale autoris\u00e9e par la loi. A l\u2019\u00e9ch\u00e9ance, les donn\u00e9es seront supprim\u00e9es de fa\u00e7on irr\u00e9versible.<\/em><\/p>\n<p><em>En tout \u00e9tat de cause, \u00e0 l&#8217;issue de chaque p\u00e9riode de conservation les donn\u00e9es seront supprim\u00e9es de fa\u00e7on irr\u00e9versible.\u00a0\u00bb<\/em>[\/vc_column_text][vc_column_text]<\/p>\n<p><strong><u>ANNEXE \/ Les droits des personnes physiques\u00a0<\/u><\/strong><strong><u>\u00a0: <\/u><\/strong><\/p>\n<ul>\n<li><em>\u00ab\u00a0d&#8217;un droit \u00e0 la portabilit\u00e9 relativement \u00e0 l\u2019ensemble des donn\u00e9es vous concernant\u00a0;<\/em><\/li>\n<li><em>d&#8217;un droit \u00e0 la limitation des traitements utilisant vos donn\u00e9es personnelles\u00a0;<\/em><\/li>\n<li><em>d\u2019un droit de ne pas faire l&#8217;objet d&#8217;une prise de d\u00e9cision individuelle exclusivement fond\u00e9e sur un traitement automatis\u00e9 tel que le profilage\u00a0;<\/em><\/li>\n<li><em>d\u2019un droit au d\u00e9r\u00e9f\u00e9rencement\u00a0;<\/em><\/li>\n<li><em>droit de d\u00e9finir des directives relatives au sort de vos donn\u00e9es personnelles apr\u00e8s votre mort\u00a0;<\/em><\/li>\n<li><em>d\u2019un droit d\u2019introduire une r\u00e9clamation aupr\u00e8s de la Commission nationale de l&#8217;informatique et des libert\u00e9s (\u00ab\u00a0CNIL\u00a0\u00bb) dont le site internet est accessible suivant le lien suivant<\/em> <a href=\"https:\/\/www.cnil.fr\/\"><em>https:\/\/www.cnil.fr\/<\/em><\/a><em>.\u00a0\u00bb<\/em><\/li>\n<\/ul>\n<p><strong><u>Les clauses \u00e0 ajouter<\/u><\/strong><\/p>\n<p>Il s\u2019agit des clauses suivantes\u00a0:<\/p>\n<ul>\n<li>la clause concernant les destinataires des donn\u00e9es\u00a0;<\/li>\n<li>la clause concernant la prospection commerciale\u00a0;<\/li>\n<li>la clause informant d\u2019un transfert des donn\u00e9es \u00e0 l\u2019international\u00a0;<\/li>\n<li>la clause de mise \u00e0 jour de la politique de confidentialit\u00e9.<\/li>\n<\/ul>\n<p>[\/vc_column_text][\/vc_column][\/vc_row]<\/p>\n<\/div>","protected":false},"excerpt":{"rendered":"<p>[vc_row][vc_column][vc_column_text]ANNEXE \/ Donn\u00e9es r\u00e9colt\u00e9es : \u00ab\u00a0Mabi est amen\u00e9e \u00e0 collecter vos donn\u00e9es de diff\u00e9rentes mani\u00e8res\u00a0: les donn\u00e9es que vous lui fournissez directement\u00a0; les donn\u00e9es qu\u2019elle peut obtenir de sources tierces. Lorsque vous acc\u00e9dez \u00e0 son site internet, \u00e0 ses applications, pages sur les r\u00e9seaux sociaux, vous pouvez \u00eatre amen\u00e9 \u00e0 fournir des donn\u00e9es personnelles en\u00a0: [&hellip;]<\/p>\n","protected":false},"author":3,"featured_media":0,"parent":0,"menu_order":0,"comment_status":"closed","ping_status":"closed","template":"","meta":{"footnotes":""},"class_list":["post-11459","page","type-page","status-publish","hentry"],"yoast_head":"<!-- This site is optimized with the Yoast SEO plugin v27.3 - https:\/\/yoast.com\/product\/yoast-seo-wordpress\/ -->\n<title>Mentions L\u00e9gales - Mabi<\/title>\n<meta name=\"description\" content=\"ANNEXE \/ Donn\u00e9es r\u00e9colt\u00e9es : \u00ab\u00a0Mabi est amen\u00e9e \u00e0 collecter vos donn\u00e9es de diff\u00e9rentes mani\u00e8res\u00a0: les donn\u00e9es que vous lui fournissez directement\u00a0; les\" \/>\n<meta name=\"robots\" content=\"index, follow, max-snippet:-1, max-image-preview:large, max-video-preview:-1\" \/>\n<link rel=\"canonical\" href=\"https:\/\/www.mabi.fr\/de\/mentions-legales\/\" \/>\n<meta property=\"og:locale\" content=\"de_DE\" \/>\n<meta property=\"og:type\" content=\"article\" \/>\n<meta property=\"og:title\" content=\"Mentions L\u00e9gales - Mabi\" \/>\n<meta property=\"og:description\" content=\"ANNEXE \/ Donn\u00e9es r\u00e9colt\u00e9es : \u00ab\u00a0Mabi est amen\u00e9e \u00e0 collecter vos donn\u00e9es de diff\u00e9rentes mani\u00e8res\u00a0: les donn\u00e9es que vous lui fournissez directement\u00a0; les\" \/>\n<meta property=\"og:url\" content=\"https:\/\/www.mabi.fr\/de\/mentions-legales\/\" \/>\n<meta property=\"og:site_name\" content=\"Mabi\" \/>\n<meta property=\"article:publisher\" content=\"https:\/\/www.facebook.com\/team.mabi\/\" \/>\n<meta property=\"article:modified_time\" content=\"2019-04-11T08:21:56+00:00\" \/>\n<meta property=\"og:image\" content=\"https:\/\/www.mabi.fr\/wp-content\/uploads\/2018\/04\/logo-mabi.png\" \/>\n\t<meta property=\"og:image:width\" content=\"400\" \/>\n\t<meta property=\"og:image:height\" content=\"165\" \/>\n\t<meta property=\"og:image:type\" content=\"image\/png\" \/>\n<meta name=\"twitter:card\" content=\"summary_large_image\" \/>\n<meta name=\"twitter:label1\" content=\"Gesch\u00e4tzte Lesezeit\" \/>\n\t<meta name=\"twitter:data1\" content=\"6\u00a0Minuten\" \/>\n<script type=\"application\/ld+json\" class=\"yoast-schema-graph\">{\"@context\":\"https:\\\/\\\/schema.org\",\"@graph\":[{\"@type\":\"WebPage\",\"@id\":\"https:\\\/\\\/www.mabi.fr\\\/de\\\/mentions-legales\\\/\",\"url\":\"https:\\\/\\\/www.mabi.fr\\\/de\\\/mentions-legales\\\/\",\"name\":\"Mentions L\u00e9gales - Mabi\",\"isPartOf\":{\"@id\":\"https:\\\/\\\/www.mabi.fr\\\/de\\\/#website\"},\"datePublished\":\"2018-05-11T14:48:58+00:00\",\"dateModified\":\"2019-04-11T08:21:56+00:00\",\"description\":\"ANNEXE \\\/ Donn\u00e9es r\u00e9colt\u00e9es : \u00ab\u00a0Mabi est amen\u00e9e \u00e0 collecter vos donn\u00e9es de diff\u00e9rentes mani\u00e8res\u00a0: les donn\u00e9es que vous lui fournissez directement\u00a0; les\",\"breadcrumb\":{\"@id\":\"https:\\\/\\\/www.mabi.fr\\\/de\\\/mentions-legales\\\/#breadcrumb\"},\"inLanguage\":\"de\",\"potentialAction\":[{\"@type\":\"ReadAction\",\"target\":[\"https:\\\/\\\/www.mabi.fr\\\/de\\\/mentions-legales\\\/\"]}]},{\"@type\":\"BreadcrumbList\",\"@id\":\"https:\\\/\\\/www.mabi.fr\\\/de\\\/mentions-legales\\\/#breadcrumb\",\"itemListElement\":[{\"@type\":\"ListItem\",\"position\":1,\"name\":\"Accueil\",\"item\":\"https:\\\/\\\/www.mabi.fr\\\/de\\\/home-page-version-8\\\/\"},{\"@type\":\"ListItem\",\"position\":2,\"name\":\"Mentions L\u00e9gales\"}]},{\"@type\":\"WebSite\",\"@id\":\"https:\\\/\\\/www.mabi.fr\\\/de\\\/#website\",\"url\":\"https:\\\/\\\/www.mabi.fr\\\/de\\\/\",\"name\":\"Mabi\",\"description\":\"Traitement du bois et des murs\",\"publisher\":{\"@id\":\"https:\\\/\\\/www.mabi.fr\\\/de\\\/#organization\"},\"inLanguage\":\"de\"},{\"@type\":\"Organization\",\"@id\":\"https:\\\/\\\/www.mabi.fr\\\/de\\\/#organization\",\"name\":\"MABI\",\"url\":\"https:\\\/\\\/www.mabi.fr\\\/de\\\/\",\"logo\":{\"@type\":\"ImageObject\",\"inLanguage\":\"de\",\"@id\":\"https:\\\/\\\/www.mabi.fr\\\/de\\\/#\\\/schema\\\/logo\\\/image\\\/\",\"url\":\"https:\\\/\\\/www.mabi.fr\\\/wp-content\\\/uploads\\\/2018\\\/04\\\/logo-mabi.png\",\"contentUrl\":\"https:\\\/\\\/www.mabi.fr\\\/wp-content\\\/uploads\\\/2018\\\/04\\\/logo-mabi.png\",\"width\":400,\"height\":165,\"caption\":\"MABI\"},\"image\":{\"@id\":\"https:\\\/\\\/www.mabi.fr\\\/de\\\/#\\\/schema\\\/logo\\\/image\\\/\"},\"sameAs\":[\"https:\\\/\\\/www.facebook.com\\\/team.mabi\\\/\",\"https:\\\/\\\/www.youtube.com\\\/channel\\\/UCROWjwVyMZg_5ybzXJofFlg\"]}]}<\/script>\n<!-- \/ Yoast SEO plugin. -->","yoast_head_json":{"title":"Mentions L\u00e9gales - Mabi","description":"ANNEXE \/ Donn\u00e9es r\u00e9colt\u00e9es : \u00ab\u00a0Mabi est amen\u00e9e \u00e0 collecter vos donn\u00e9es de diff\u00e9rentes mani\u00e8res\u00a0: les donn\u00e9es que vous lui fournissez directement\u00a0; les","robots":{"index":"index","follow":"follow","max-snippet":"max-snippet:-1","max-image-preview":"max-image-preview:large","max-video-preview":"max-video-preview:-1"},"canonical":"https:\/\/www.mabi.fr\/de\/mentions-legales\/","og_locale":"de_DE","og_type":"article","og_title":"Mentions L\u00e9gales - Mabi","og_description":"ANNEXE \/ Donn\u00e9es r\u00e9colt\u00e9es : \u00ab\u00a0Mabi est amen\u00e9e \u00e0 collecter vos donn\u00e9es de diff\u00e9rentes mani\u00e8res\u00a0: les donn\u00e9es que vous lui fournissez directement\u00a0; les","og_url":"https:\/\/www.mabi.fr\/de\/mentions-legales\/","og_site_name":"Mabi","article_publisher":"https:\/\/www.facebook.com\/team.mabi\/","article_modified_time":"2019-04-11T08:21:56+00:00","og_image":[{"width":400,"height":165,"url":"https:\/\/www.mabi.fr\/wp-content\/uploads\/2018\/04\/logo-mabi.png","type":"image\/png"}],"twitter_card":"summary_large_image","twitter_misc":{"Gesch\u00e4tzte Lesezeit":"6\u00a0Minuten"},"schema":{"@context":"https:\/\/schema.org","@graph":[{"@type":"WebPage","@id":"https:\/\/www.mabi.fr\/de\/mentions-legales\/","url":"https:\/\/www.mabi.fr\/de\/mentions-legales\/","name":"Mentions L\u00e9gales - Mabi","isPartOf":{"@id":"https:\/\/www.mabi.fr\/de\/#website"},"datePublished":"2018-05-11T14:48:58+00:00","dateModified":"2019-04-11T08:21:56+00:00","description":"ANNEXE \/ Donn\u00e9es r\u00e9colt\u00e9es : \u00ab\u00a0Mabi est amen\u00e9e \u00e0 collecter vos donn\u00e9es de diff\u00e9rentes mani\u00e8res\u00a0: les donn\u00e9es que vous lui fournissez directement\u00a0; les","breadcrumb":{"@id":"https:\/\/www.mabi.fr\/de\/mentions-legales\/#breadcrumb"},"inLanguage":"de","potentialAction":[{"@type":"ReadAction","target":["https:\/\/www.mabi.fr\/de\/mentions-legales\/"]}]},{"@type":"BreadcrumbList","@id":"https:\/\/www.mabi.fr\/de\/mentions-legales\/#breadcrumb","itemListElement":[{"@type":"ListItem","position":1,"name":"Accueil","item":"https:\/\/www.mabi.fr\/de\/home-page-version-8\/"},{"@type":"ListItem","position":2,"name":"Mentions L\u00e9gales"}]},{"@type":"WebSite","@id":"https:\/\/www.mabi.fr\/de\/#website","url":"https:\/\/www.mabi.fr\/de\/","name":"Mabi","description":"Traitement du bois et des murs","publisher":{"@id":"https:\/\/www.mabi.fr\/de\/#organization"},"inLanguage":"de"},{"@type":"Organization","@id":"https:\/\/www.mabi.fr\/de\/#organization","name":"MABI","url":"https:\/\/www.mabi.fr\/de\/","logo":{"@type":"ImageObject","inLanguage":"de","@id":"https:\/\/www.mabi.fr\/de\/#\/schema\/logo\/image\/","url":"https:\/\/www.mabi.fr\/wp-content\/uploads\/2018\/04\/logo-mabi.png","contentUrl":"https:\/\/www.mabi.fr\/wp-content\/uploads\/2018\/04\/logo-mabi.png","width":400,"height":165,"caption":"MABI"},"image":{"@id":"https:\/\/www.mabi.fr\/de\/#\/schema\/logo\/image\/"},"sameAs":["https:\/\/www.facebook.com\/team.mabi\/","https:\/\/www.youtube.com\/channel\/UCROWjwVyMZg_5ybzXJofFlg"]}]}},"_links":{"self":[{"href":"https:\/\/www.mabi.fr\/de\/wp-json\/wp\/v2\/pages\/11459","targetHints":{"allow":["GET"]}}],"collection":[{"href":"https:\/\/www.mabi.fr\/de\/wp-json\/wp\/v2\/pages"}],"about":[{"href":"https:\/\/www.mabi.fr\/de\/wp-json\/wp\/v2\/types\/page"}],"author":[{"embeddable":true,"href":"https:\/\/www.mabi.fr\/de\/wp-json\/wp\/v2\/users\/3"}],"replies":[{"embeddable":true,"href":"https:\/\/www.mabi.fr\/de\/wp-json\/wp\/v2\/comments?post=11459"}],"version-history":[{"count":1,"href":"https:\/\/www.mabi.fr\/de\/wp-json\/wp\/v2\/pages\/11459\/revisions"}],"predecessor-version":[{"id":11461,"href":"https:\/\/www.mabi.fr\/de\/wp-json\/wp\/v2\/pages\/11459\/revisions\/11461"}],"wp:attachment":[{"href":"https:\/\/www.mabi.fr\/de\/wp-json\/wp\/v2\/media?parent=11459"}],"curies":[{"name":"wp","href":"https:\/\/api.w.org\/{rel}","templated":true}]}}