{"id":11141,"date":"2018-05-08T12:08:09","date_gmt":"2018-05-08T10:08:09","guid":{"rendered":"https:\/\/www.mabi.fr\/produits-et-catalogues\/materiel-chantier\/"},"modified":"2019-06-20T11:42:55","modified_gmt":"2019-06-20T09:42:55","slug":"material","status":"publish","type":"product","link":"https:\/\/www.mabi.fr\/de\/produkte-und-katalog\/material\/","title":{"rendered":"MATERIAL"},"content":{"rendered":"<div class=\"wpb-content-wrapper\"><p>[vc_row full_width=&#8221;stretch_row_content_no_spaces&#8221;][vc_column][rev_slider_vc alias=&#8221;materiel-de-chantier&#8221;][\/vc_column][\/vc_row][vc_section full_width=&#8221;stretch_row&#8221; css=&#8221;.vc_custom_1513763855103{margin-top: 0px !important;margin-bottom: 0px !important;padding-top: 75px !important;padding-bottom: 0px !important;}&#8221;][vc_row][vc_column][vc_custom_heading text=&#8221;Material&#8221; font_container=&#8221;tag:h1|font_size:36px|text_align:left|color:%23424242&#8243; use_theme_fonts=&#8221;yes&#8221; css_animation=&#8221;none&#8221; css=&#8221;.vc_custom_1543574957723{padding-top: 0px !important;padding-bottom: 0px !important;}&#8221;][vc_empty_space][vc_empty_space][vc_empty_space][vc_empty_space][\/vc_column][\/vc_row][vc_row full_width=&#8221;stretch_row&#8221; css_animation=&#8221;none&#8221; css=&#8221;.vc_custom_1519384448752{margin-top: 0px !important;margin-bottom: 0px !important;padding-top: 0px !important;padding-bottom: 63px !important;background-color: #ffffff !important;}&#8221;][vc_column css_animation=&#8221;none&#8221; width=&#8221;1\/2&#8243; css=&#8221;.vc_custom_1511243001013{padding-top: 0px !important;padding-bottom: 0px !important;}&#8221;][vc_custom_heading text=&#8221;Sch\u00e4len der Balken&#8221; font_container=&#8221;tag:h2|font_size:30px|text_align:left&#8221; use_theme_fonts=&#8221;yes&#8221;]<div class=\"rt-image-gallery element-one\" data-thumbnail-items=\"4\"><ul class=\"rt-image-gallery-holder owl-carousel\"><li><img decoding=\"async\" src=\"https:\/\/www.mabi.fr\/wp-content\/uploads\/2018\/05\/materiel-de-decapage.png\"><\/li><li><img decoding=\"async\" src=\"https:\/\/www.mabi.fr\/wp-content\/uploads\/2018\/05\/decapage-des-murs.png\"><\/li><li><img decoding=\"async\" src=\"https:\/\/www.mabi.fr\/wp-content\/uploads\/2018\/05\/bucher-une-charpente.png\"><\/li><\/ul><\/div>[\/vc_column][vc_column width=&#8221;1\/2&#8243; css=&#8221;.vc_custom_1513763948127{margin-top: 0px !important;margin-bottom: 0px !important;padding-top: 0px !important;padding-bottom: 0px !important;}&#8221;][vc_empty_space][vc_column_text css=&#8221;.vc_custom_1543572747279{margin-top: 25px !important;margin-bottom: 0px !important;padding-top: 0px !important;padding-right: 0px !important;padding-bottom: 0px !important;padding-left: 0px !important;}&#8221;]<\/p>\n<p class=\"p1\">ERGONOMISCHES HANDSCH\u00c4LGER\u00c4T<\/p>\n<p class=\"p1\">Spezialentwicklung zum Sch\u00e4len der Balken; geschliffenes Messer 8 cm, ergonomischer Stiel f\u00fcr gute Handhabung.<\/p>\n<p class=\"p1\">Handsch\u00e4lger\u00e4t 85cm<\/p>\n<p class=\"p1\">GEWICHT : 1.5 KG<\/p>\n<p>&nbsp;<\/p>\n<p class=\"p1\"><strong>DRUCKLUFTHAMMERS<\/strong> <a href=\"http:\/\/www.scrapair.fr\">Scrap&#8217;Air<\/a>,<\/p>\n<p><b>Ideal<\/b>\u00a0f\u00fcr:\u00a0<b>Fassadenbauer, Holz und W\u00e4nde.\u00a0<\/b>Entwickelte um die kleinen<a href=\"https:\/\/www.scrapair.com\/de\/anwendungsbereich\/putzentfernung\/\" target=\"_blank\" rel=\"noopener noreferrer\">\u00a0Renovierungs W\u00e4nden<\/a>\u00a0oder Holzbehandlung zu arbeiten, pneumatische Ger\u00e4te\u00a0<b>Scrap\u2019Air 24,\u00a0<\/b>erleichtert die Fassadenputz und die\u00a0<a href=\"https:\/\/www.scrapair.com\/de\/anwendungsbereich\/holzgeruest\/\" target=\"_blank\" rel=\"noopener noreferrer\">Holz Besch\u00e4digungen Teile Entfernungen<\/a>.<\/p>\n<p>Ist auch im Prozess von Paletten Reparaturen nutzbar.<\/p>\n<p class=\"p1\">Luftverbrauch: 210L \/ min<br \/>\nDruck: 6-8 bar<br \/>\nWerkzeuge: 6-Kant 14 mm<br \/>\nSt\u00e4rke: 15 Joules<br \/>\nSchlagfrequenz: 4750 Schl\u00e4ge \/ min<br \/>\nGeliefert im praktischen Handkoffer mit: Delta-1 Messer 8 cm, 1 Flachmei\u00dfel 4 cm, 1 \u00d6ler, 1 \u00d6lfl\u00e4schchen und 1 Schutzausr\u00fcstung.<\/p>\n<p class=\"p1\"><a href=\"https:\/\/www.youtube.com\/watch?v=FcnMf87nEeU&amp;index=9&amp;list=PLtzSq-tcVUXmNa623egem7f44WPv67Fdr&amp;t=0s\">Videos<\/a><\/p>\n<p>[\/vc_column_text][\/vc_column][\/vc_row][vc_row full_width=&#8221;stretch_row&#8221; css_animation=&#8221;none&#8221; css=&#8221;.vc_custom_1519384448752{margin-top: 0px !important;margin-bottom: 0px !important;padding-top: 0px !important;padding-bottom: 63px !important;background-color: #ffffff !important;}&#8221;][vc_column css_animation=&#8221;none&#8221; css=&#8221;.vc_custom_1511243001013{padding-top: 0px !important;padding-bottom: 0px !important;}&#8221;][vc_empty_space][vc_empty_space][\/vc_column][\/vc_row][vc_row full_width=&#8221;stretch_row&#8221; css_animation=&#8221;none&#8221; css=&#8221;.vc_custom_1519384448752{margin-top: 0px !important;margin-bottom: 0px !important;padding-top: 0px !important;padding-bottom: 63px !important;background-color: #ffffff !important;}&#8221;][vc_column css_animation=&#8221;none&#8221; width=&#8221;1\/2&#8243; css=&#8221;.vc_custom_1511243001013{padding-top: 0px !important;padding-bottom: 0px !important;}&#8221;][vc_custom_heading text=&#8221;Holzbohrer&#8221; font_container=&#8221;tag:h2|font_size:30px|text_align:left&#8221; use_theme_fonts=&#8221;yes&#8221;]<div class=\"rt-image-gallery element-one\" data-thumbnail-items=\"4\"><ul class=\"rt-image-gallery-holder owl-carousel\"><li><img decoding=\"async\" src=\"https:\/\/www.mabi.fr\/wp-content\/uploads\/2018\/05\/meche-et-foret-bois.png\"><\/li><li><img decoding=\"async\" src=\"https:\/\/www.mabi.fr\/wp-content\/uploads\/2018\/05\/foret-beton-sds-plus.png\"><\/li><li><img decoding=\"async\" src=\"https:\/\/www.mabi.fr\/wp-content\/uploads\/2018\/05\/explication-kit-de-butee-.png\"><\/li><\/ul><\/div>[\/vc_column][vc_column width=&#8221;1\/2&#8243; css=&#8221;.vc_custom_1513763948127{margin-top: 0px !important;margin-bottom: 0px !important;padding-top: 0px !important;padding-bottom: 0px !important;}&#8221;][vc_empty_space][vc_column_text css=&#8221;.vc_custom_1543572907413{margin-top: 25px !important;margin-bottom: 0px !important;padding-top: 0px !important;padding-right: 0px !important;padding-bottom: 0px !important;padding-left: 0px !important;}&#8221;]<\/p>\n<p class=\"p1\"><strong>HOLZBOHRER MIT SPITZE<\/strong> :\u00a0Leichtes Eindringen.<\/p>\n<p><strong>SPEZIAL HOLZBOHRER<\/strong> :\u00a0F\u00fcr Hartholz geeignet: Sonderform f\u00fcr besseren Auswurf von Sp\u00e4nen.<\/p>\n<p><strong>BETON-BOHRER SDS PLUS<\/strong> :\u00a0Sehr wiederstandf\u00e4hig, Zweikantspitze aus Karbid (andere Gr\u00f6\u00dfen auf Anfrage).<\/p>\n<p>&nbsp;<\/p>\n<p class=\"p1\"><a href=\"https:\/\/www.youtube.com\/watch?v=yAV7gxIeKaA\">video<\/a><\/p>\n<p>[\/vc_column_text][\/vc_column][\/vc_row][\/vc_section][vc_section full_width=&#8221;stretch_row&#8221; css=&#8221;.vc_custom_1513763855103{margin-top: 0px !important;margin-bottom: 0px !important;padding-top: 75px !important;padding-bottom: 0px !important;}&#8221;][vc_row full_width=&#8221;stretch_row&#8221; css_animation=&#8221;none&#8221; css=&#8221;.vc_custom_1519384448752{margin-top: 0px !important;margin-bottom: 0px !important;padding-top: 0px !important;padding-bottom: 63px !important;background-color: #ffffff !important;}&#8221;][vc_column css_animation=&#8221;none&#8221; width=&#8221;1\/2&#8243; css=&#8221;.vc_custom_1511243001013{padding-top: 0px !important;padding-bottom: 0px !important;}&#8221;]<div class=\"rt-image-gallery element-one\" data-thumbnail-items=\"4\"><ul class=\"rt-image-gallery-holder owl-carousel\"><li><img decoding=\"async\" src=\"https:\/\/www.mabi.fr\/wp-content\/uploads\/2018\/05\/hachette-fiskarss.png\"><\/li><li><img decoding=\"async\" src=\"https:\/\/www.mabi.fr\/wp-content\/uploads\/2018\/05\/sac-gravat.png\"><\/li><li><img decoding=\"async\" src=\"https:\/\/www.mabi.fr\/wp-content\/uploads\/2018\/05\/brosse-ergonomique.png\"><\/li><li><img decoding=\"async\" src=\"https:\/\/www.mabi.fr\/wp-content\/uploads\/2018\/05\/malliet.png\"><\/li><\/ul><\/div>[\/vc_column][vc_column width=&#8221;1\/2&#8243; css=&#8221;.vc_custom_1513763948127{margin-top: 0px !important;margin-bottom: 0px !important;padding-top: 0px !important;padding-bottom: 0px !important;}&#8221;][vc_empty_space][vc_column_text css=&#8221;.vc_custom_1543572968493{margin-top: 25px !important;margin-bottom: 0px !important;padding-top: 0px !important;padding-right: 0px !important;padding-bottom: 0px !important;padding-left: 0px !important;}&#8221;]<\/p>\n<p class=\"p1\">B\u00dcRSTE Stahlb\u00fcrste , gute Handhabung<\/p>\n<p>[\/vc_column_text][\/vc_column][\/vc_row][\/vc_section][vc_section full_width=&#8221;stretch_row&#8221; css=&#8221;.vc_custom_1513763855103{margin-top: 0px !important;margin-bottom: 0px !important;padding-top: 75px !important;padding-bottom: 0px !important;}&#8221;][vc_row][vc_column][vc_empty_space][vc_empty_space][\/vc_column][\/vc_row][vc_row][vc_column][\/vc_column][\/vc_row][vc_row][vc_column][vc_single_image image=&#8221;10615&#8243; img_size=&#8221;full&#8221; onclick=&#8221;custom_link&#8221; img_link_target=&#8221;_blank&#8221; title=&#8221;MABI-KATALOG-DOWNLOAD&#8221; link=&#8221;https:\/\/www.mabi.fr\/wp-content\/uploads\/2018\/10\/catalogue-export-de-2017-2018-.pdf&#8221;][\/vc_column][\/vc_row][\/vc_section]<\/p>\n<\/div>","protected":false},"author":3,"featured_media":10605,"menu_order":50,"template":"","class_list":["post-11141","product","type-product","status-publish","has-post-thumbnail","hentry"],"yoast_head":"<!-- This site is optimized with the Yoast SEO plugin v27.4 - https:\/\/yoast.com\/product\/yoast-seo-wordpress\/ -->\n<title>MATERIAL - Mabi<\/title>\n<meta name=\"description\" content=\"ERGONOMISCHES HANDSCH\u00c4LGER\u00c4T Spezialentwicklung zum Sch\u00e4len der Balken; geschliffenes Messer 8 cm, ergonomischer Stiel f\u00fcr gute Handhabung. Handsch\u00e4lger\u00e4t\" \/>\n<meta name=\"robots\" content=\"index, follow, max-snippet:-1, max-image-preview:large, max-video-preview:-1\" \/>\n<link rel=\"canonical\" href=\"https:\/\/www.mabi.fr\/de\/produkte-und-katalog\/material\/\" \/>\n<meta property=\"og:locale\" content=\"de_DE\" \/>\n<meta property=\"og:type\" content=\"article\" \/>\n<meta property=\"og:title\" content=\"MATERIAL - Mabi\" \/>\n<meta property=\"og:description\" content=\"ERGONOMISCHES HANDSCH\u00c4LGER\u00c4T Spezialentwicklung zum Sch\u00e4len der Balken; geschliffenes Messer 8 cm, ergonomischer Stiel f\u00fcr gute Handhabung. Handsch\u00e4lger\u00e4t\" \/>\n<meta property=\"og:url\" content=\"https:\/\/www.mabi.fr\/de\/produkte-und-katalog\/material\/\" \/>\n<meta property=\"og:site_name\" content=\"Mabi\" \/>\n<meta property=\"article:publisher\" content=\"https:\/\/www.facebook.com\/team.mabi\/\" \/>\n<meta property=\"article:modified_time\" content=\"2019-06-20T09:42:55+00:00\" \/>\n<meta property=\"og:image\" content=\"https:\/\/www.mabi.fr\/wp-content\/uploads\/2018\/05\/materiel-de-decapage.png\" \/>\n\t<meta property=\"og:image:width\" content=\"945\" \/>\n\t<meta property=\"og:image:height\" content=\"555\" \/>\n\t<meta property=\"og:image:type\" content=\"image\/png\" \/>\n<meta name=\"twitter:card\" content=\"summary_large_image\" \/>\n<meta name=\"twitter:label1\" content=\"Gesch\u00e4tzte Lesezeit\" \/>\n\t<meta name=\"twitter:data1\" content=\"4\u00a0Minuten\" \/>\n<script type=\"application\/ld+json\" class=\"yoast-schema-graph\">{\"@context\":\"https:\\\/\\\/schema.org\",\"@graph\":[{\"@type\":\"WebPage\",\"@id\":\"https:\\\/\\\/www.mabi.fr\\\/de\\\/produkte-und-katalog\\\/material\\\/\",\"url\":\"https:\\\/\\\/www.mabi.fr\\\/de\\\/produkte-und-katalog\\\/material\\\/\",\"name\":\"MATERIAL - Mabi\",\"isPartOf\":{\"@id\":\"https:\\\/\\\/www.mabi.fr\\\/de\\\/#website\"},\"primaryImageOfPage\":{\"@id\":\"https:\\\/\\\/www.mabi.fr\\\/de\\\/produkte-und-katalog\\\/material\\\/#primaryimage\"},\"image\":{\"@id\":\"https:\\\/\\\/www.mabi.fr\\\/de\\\/produkte-und-katalog\\\/material\\\/#primaryimage\"},\"thumbnailUrl\":\"https:\\\/\\\/www.mabi.fr\\\/wp-content\\\/uploads\\\/2018\\\/05\\\/materiel-de-decapage.png\",\"datePublished\":\"2018-05-08T10:08:09+00:00\",\"dateModified\":\"2019-06-20T09:42:55+00:00\",\"description\":\"ERGONOMISCHES HANDSCH\u00c4LGER\u00c4T Spezialentwicklung zum Sch\u00e4len der Balken; geschliffenes Messer 8 cm, ergonomischer Stiel f\u00fcr gute Handhabung. Handsch\u00e4lger\u00e4t\",\"breadcrumb\":{\"@id\":\"https:\\\/\\\/www.mabi.fr\\\/de\\\/produkte-und-katalog\\\/material\\\/#breadcrumb\"},\"inLanguage\":\"de\",\"potentialAction\":[{\"@type\":\"ReadAction\",\"target\":[\"https:\\\/\\\/www.mabi.fr\\\/de\\\/produkte-und-katalog\\\/material\\\/\"]}]},{\"@type\":\"ImageObject\",\"inLanguage\":\"de\",\"@id\":\"https:\\\/\\\/www.mabi.fr\\\/de\\\/produkte-und-katalog\\\/material\\\/#primaryimage\",\"url\":\"https:\\\/\\\/www.mabi.fr\\\/wp-content\\\/uploads\\\/2018\\\/05\\\/materiel-de-decapage.png\",\"contentUrl\":\"https:\\\/\\\/www.mabi.fr\\\/wp-content\\\/uploads\\\/2018\\\/05\\\/materiel-de-decapage.png\",\"width\":945,\"height\":555},{\"@type\":\"BreadcrumbList\",\"@id\":\"https:\\\/\\\/www.mabi.fr\\\/de\\\/produkte-und-katalog\\\/material\\\/#breadcrumb\",\"itemListElement\":[{\"@type\":\"ListItem\",\"position\":1,\"name\":\"Accueil\",\"item\":\"https:\\\/\\\/www.mabi.fr\\\/de\\\/home-page-version-8\\\/\"},{\"@type\":\"ListItem\",\"position\":2,\"name\":\"Produkte & Kataloge\",\"item\":\"https:\\\/\\\/www.mabi.fr\\\/de\\\/produkte-und-katalog\\\/\"},{\"@type\":\"ListItem\",\"position\":3,\"name\":\"MATERIAL\"}]},{\"@type\":\"WebSite\",\"@id\":\"https:\\\/\\\/www.mabi.fr\\\/de\\\/#website\",\"url\":\"https:\\\/\\\/www.mabi.fr\\\/de\\\/\",\"name\":\"Mabi\",\"description\":\"Traitement du bois et des murs\",\"publisher\":{\"@id\":\"https:\\\/\\\/www.mabi.fr\\\/de\\\/#organization\"},\"inLanguage\":\"de\"},{\"@type\":\"Organization\",\"@id\":\"https:\\\/\\\/www.mabi.fr\\\/de\\\/#organization\",\"name\":\"MABI\",\"url\":\"https:\\\/\\\/www.mabi.fr\\\/de\\\/\",\"logo\":{\"@type\":\"ImageObject\",\"inLanguage\":\"de\",\"@id\":\"https:\\\/\\\/www.mabi.fr\\\/de\\\/#\\\/schema\\\/logo\\\/image\\\/\",\"url\":\"https:\\\/\\\/www.mabi.fr\\\/wp-content\\\/uploads\\\/2018\\\/04\\\/logo-mabi.png\",\"contentUrl\":\"https:\\\/\\\/www.mabi.fr\\\/wp-content\\\/uploads\\\/2018\\\/04\\\/logo-mabi.png\",\"width\":400,\"height\":165,\"caption\":\"MABI\"},\"image\":{\"@id\":\"https:\\\/\\\/www.mabi.fr\\\/de\\\/#\\\/schema\\\/logo\\\/image\\\/\"},\"sameAs\":[\"https:\\\/\\\/www.facebook.com\\\/team.mabi\\\/\",\"https:\\\/\\\/www.youtube.com\\\/channel\\\/UCROWjwVyMZg_5ybzXJofFlg\"]}]}<\/script>\n<!-- \/ Yoast SEO plugin. -->","yoast_head_json":{"title":"MATERIAL - Mabi","description":"ERGONOMISCHES HANDSCH\u00c4LGER\u00c4T Spezialentwicklung zum Sch\u00e4len der Balken; geschliffenes Messer 8 cm, ergonomischer Stiel f\u00fcr gute Handhabung. Handsch\u00e4lger\u00e4t","robots":{"index":"index","follow":"follow","max-snippet":"max-snippet:-1","max-image-preview":"max-image-preview:large","max-video-preview":"max-video-preview:-1"},"canonical":"https:\/\/www.mabi.fr\/de\/produkte-und-katalog\/material\/","og_locale":"de_DE","og_type":"article","og_title":"MATERIAL - Mabi","og_description":"ERGONOMISCHES HANDSCH\u00c4LGER\u00c4T Spezialentwicklung zum Sch\u00e4len der Balken; geschliffenes Messer 8 cm, ergonomischer Stiel f\u00fcr gute Handhabung. Handsch\u00e4lger\u00e4t","og_url":"https:\/\/www.mabi.fr\/de\/produkte-und-katalog\/material\/","og_site_name":"Mabi","article_publisher":"https:\/\/www.facebook.com\/team.mabi\/","article_modified_time":"2019-06-20T09:42:55+00:00","og_image":[{"width":945,"height":555,"url":"https:\/\/www.mabi.fr\/wp-content\/uploads\/2018\/05\/materiel-de-decapage.png","type":"image\/png"}],"twitter_card":"summary_large_image","twitter_misc":{"Gesch\u00e4tzte Lesezeit":"4\u00a0Minuten"},"schema":{"@context":"https:\/\/schema.org","@graph":[{"@type":"WebPage","@id":"https:\/\/www.mabi.fr\/de\/produkte-und-katalog\/material\/","url":"https:\/\/www.mabi.fr\/de\/produkte-und-katalog\/material\/","name":"MATERIAL - Mabi","isPartOf":{"@id":"https:\/\/www.mabi.fr\/de\/#website"},"primaryImageOfPage":{"@id":"https:\/\/www.mabi.fr\/de\/produkte-und-katalog\/material\/#primaryimage"},"image":{"@id":"https:\/\/www.mabi.fr\/de\/produkte-und-katalog\/material\/#primaryimage"},"thumbnailUrl":"https:\/\/www.mabi.fr\/wp-content\/uploads\/2018\/05\/materiel-de-decapage.png","datePublished":"2018-05-08T10:08:09+00:00","dateModified":"2019-06-20T09:42:55+00:00","description":"ERGONOMISCHES HANDSCH\u00c4LGER\u00c4T Spezialentwicklung zum Sch\u00e4len der Balken; geschliffenes Messer 8 cm, ergonomischer Stiel f\u00fcr gute Handhabung. Handsch\u00e4lger\u00e4t","breadcrumb":{"@id":"https:\/\/www.mabi.fr\/de\/produkte-und-katalog\/material\/#breadcrumb"},"inLanguage":"de","potentialAction":[{"@type":"ReadAction","target":["https:\/\/www.mabi.fr\/de\/produkte-und-katalog\/material\/"]}]},{"@type":"ImageObject","inLanguage":"de","@id":"https:\/\/www.mabi.fr\/de\/produkte-und-katalog\/material\/#primaryimage","url":"https:\/\/www.mabi.fr\/wp-content\/uploads\/2018\/05\/materiel-de-decapage.png","contentUrl":"https:\/\/www.mabi.fr\/wp-content\/uploads\/2018\/05\/materiel-de-decapage.png","width":945,"height":555},{"@type":"BreadcrumbList","@id":"https:\/\/www.mabi.fr\/de\/produkte-und-katalog\/material\/#breadcrumb","itemListElement":[{"@type":"ListItem","position":1,"name":"Accueil","item":"https:\/\/www.mabi.fr\/de\/home-page-version-8\/"},{"@type":"ListItem","position":2,"name":"Produkte & Kataloge","item":"https:\/\/www.mabi.fr\/de\/produkte-und-katalog\/"},{"@type":"ListItem","position":3,"name":"MATERIAL"}]},{"@type":"WebSite","@id":"https:\/\/www.mabi.fr\/de\/#website","url":"https:\/\/www.mabi.fr\/de\/","name":"Mabi","description":"Traitement du bois et des murs","publisher":{"@id":"https:\/\/www.mabi.fr\/de\/#organization"},"inLanguage":"de"},{"@type":"Organization","@id":"https:\/\/www.mabi.fr\/de\/#organization","name":"MABI","url":"https:\/\/www.mabi.fr\/de\/","logo":{"@type":"ImageObject","inLanguage":"de","@id":"https:\/\/www.mabi.fr\/de\/#\/schema\/logo\/image\/","url":"https:\/\/www.mabi.fr\/wp-content\/uploads\/2018\/04\/logo-mabi.png","contentUrl":"https:\/\/www.mabi.fr\/wp-content\/uploads\/2018\/04\/logo-mabi.png","width":400,"height":165,"caption":"MABI"},"image":{"@id":"https:\/\/www.mabi.fr\/de\/#\/schema\/logo\/image\/"},"sameAs":["https:\/\/www.facebook.com\/team.mabi\/","https:\/\/www.youtube.com\/channel\/UCROWjwVyMZg_5ybzXJofFlg"]}]}},"_links":{"self":[{"href":"https:\/\/www.mabi.fr\/de\/wp-json\/wp\/v2\/product\/11141","targetHints":{"allow":["GET"]}}],"collection":[{"href":"https:\/\/www.mabi.fr\/de\/wp-json\/wp\/v2\/product"}],"about":[{"href":"https:\/\/www.mabi.fr\/de\/wp-json\/wp\/v2\/types\/product"}],"author":[{"embeddable":true,"href":"https:\/\/www.mabi.fr\/de\/wp-json\/wp\/v2\/users\/3"}],"version-history":[{"count":6,"href":"https:\/\/www.mabi.fr\/de\/wp-json\/wp\/v2\/product\/11141\/revisions"}],"predecessor-version":[{"id":11539,"href":"https:\/\/www.mabi.fr\/de\/wp-json\/wp\/v2\/product\/11141\/revisions\/11539"}],"wp:featuredmedia":[{"embeddable":true,"href":"https:\/\/www.mabi.fr\/de\/wp-json\/wp\/v2\/media\/10605"}],"wp:attachment":[{"href":"https:\/\/www.mabi.fr\/de\/wp-json\/wp\/v2\/media?parent=11141"}],"curies":[{"name":"wp","href":"https:\/\/api.w.org\/{rel}","templated":true}]}}