{"id":12024,"date":"2018-05-08T12:08:09","date_gmt":"2018-05-08T10:08:09","guid":{"rendered":"https:\/\/www.mabi.fr\/produits-et-catalogues\/materiel-chantier\/"},"modified":"2020-09-08T13:07:40","modified_gmt":"2020-09-08T11:07:40","slug":"materiel-chantier","status":"publish","type":"product","link":"https:\/\/www.mabi.fr\/es\/productos-y-catalogo\/materiel-chantier\/","title":{"rendered":"Equipos de construcci\u00f3n"},"content":{"rendered":"<div class=\"wpb-content-wrapper\"><p>[vc_row full_width=&#8221;stretch_row_content_no_spaces&#8221;][vc_column][rev_slider_vc alias=&#8221;materiel-de-chantier&#8221;][\/vc_column][\/vc_row][vc_section full_width=&#8221;stretch_row&#8221; css=&#8221;.vc_custom_1513763855103{margin-top: 0px !important;margin-bottom: 0px !important;padding-top: 75px !important;padding-bottom: 0px !important;}&#8221;][vc_row][vc_column][vc_custom_heading text=&#8221;Equipos de construcci\u00f3n&#8221; font_container=&#8221;tag:h1|font_size:36px|text_align:left|color:%23424242&#8243; use_theme_fonts=&#8221;yes&#8221; css_animation=&#8221;none&#8221; css=&#8221;.vc_custom_1598961095048{padding-top: 0px !important;padding-bottom: 0px !important;}&#8221;][vc_column_text css=&#8221;.vc_custom_1598961119763{margin-top: 25px !important;margin-bottom: 0px !important;padding-top: 0px !important;padding-right: 0px !important;padding-bottom: 0px !important;padding-left: 0px !important;}&#8221;]La preparaci\u00f3n de la obra es una etapa importante para mejorar la eficiencia, las herramientas son socios inigualables, es por eso que MABI ofrece soluciones innovadoras y de calidad.[\/vc_column_text][vc_empty_space][vc_empty_space][vc_empty_space][vc_empty_space][\/vc_column][\/vc_row][vc_row full_width=&#8221;stretch_row&#8221; css_animation=&#8221;none&#8221; css=&#8221;.vc_custom_1519384448752{margin-top: 0px !important;margin-bottom: 0px !important;padding-top: 0px !important;padding-bottom: 63px !important;background-color: #ffffff !important;}&#8221;][vc_column css_animation=&#8221;none&#8221; width=&#8221;1\/2&#8243; css=&#8221;.vc_custom_1511243001013{padding-top: 0px !important;padding-bottom: 0px !important;}&#8221;][vc_custom_heading text=&#8221;Decapado de la madera&#8221; font_container=&#8221;tag:h2|font_size:30px|text_align:left&#8221; use_theme_fonts=&#8221;yes&#8221;]<div class=\"rt-image-gallery element-one\" data-thumbnail-items=\"4\"><ul class=\"rt-image-gallery-holder owl-carousel\"><li><img decoding=\"async\" src=\"https:\/\/www.mabi.fr\/wp-content\/uploads\/2018\/05\/materiel-de-decapage.png\"><\/li><li><img decoding=\"async\" src=\"https:\/\/www.mabi.fr\/wp-content\/uploads\/2018\/05\/decapage-des-murs.png\"><\/li><li><img decoding=\"async\" src=\"https:\/\/www.mabi.fr\/wp-content\/uploads\/2018\/05\/bucher-une-charpente.png\"><\/li><\/ul><\/div>[\/vc_column][vc_column width=&#8221;1\/2&#8243; css=&#8221;.vc_custom_1513763948127{margin-top: 0px !important;margin-bottom: 0px !important;padding-top: 0px !important;padding-bottom: 0px !important;}&#8221;][vc_empty_space][vc_column_text css=&#8221;.vc_custom_1598961189511{margin-top: 25px !important;margin-bottom: 0px !important;padding-top: 0px !important;padding-right: 0px !important;padding-bottom: 0px !important;padding-left: 0px !important;}&#8221;]Raspador ergon\u00f3mico para decapar las vigas de madera (diagn\u00f3stico y acabado). Decapar antes de pulverizar permite a los qu\u00edmicos protectores de madera de difundirse en la parte sana y protegerla contra termitas, carcomas y hongos.<br \/>\n&#8211; Cuchillo Delta de 8 cm afilado, afilar a voluntad<br \/>\n&#8211; \u00c1ngulo de inclinaci\u00f3n de la herramienta de 7 \u00b0 para trabajar frente a la viga sin lastimarse las manos<br \/>\n&#8211; Mango ergon\u00f3mico ultraligero para un mejor agarre.<br \/>\nTama\u00f1o: 85 CM<br \/>\nPeso: 1.5 kg<\/p>\n<p>Raspador neum\u00e1tico Scrap\u2019Air, para quitar madera o quitar yeso. Ahorra un tiempo considerable para el usuario. Herramienta de 8 cm afilada para decapar la madera, bloqueo seguro de las herramientas (otras herramientas bajo pedido).<br \/>\nPotencia: 6 \u00e0 8BAR<br \/>\nPresi\u00f3n de trabajo: 210L \/ min.<br \/>\nFrecuencia: 4750 golpes \/ min.<br \/>\nPoder: 15 julios<\/p>\n<p><a href=\"https:\/\/www.youtube.com\/watch?v=FcnMf87nEeU&amp;index=9&amp;list=PLtzSq-tcVUXmNa623egem7f44WPv67Fdr&amp;t=0s\" target=\"_blank\" rel=\"noopener noreferrer\">Videos de consejos y mantenimiento<\/a><\/p>\n<p>[\/vc_column_text][\/vc_column][\/vc_row][vc_row full_width=&#8221;stretch_row&#8221; css_animation=&#8221;none&#8221; css=&#8221;.vc_custom_1519384448752{margin-top: 0px !important;margin-bottom: 0px !important;padding-top: 0px !important;padding-bottom: 63px !important;background-color: #ffffff !important;}&#8221;][vc_column css_animation=&#8221;none&#8221; css=&#8221;.vc_custom_1511243001013{padding-top: 0px !important;padding-bottom: 0px !important;}&#8221;][vc_empty_space][vc_empty_space][\/vc_column][\/vc_row][vc_row full_width=&#8221;stretch_row&#8221; css_animation=&#8221;none&#8221; css=&#8221;.vc_custom_1519384448752{margin-top: 0px !important;margin-bottom: 0px !important;padding-top: 0px !important;padding-bottom: 63px !important;background-color: #ffffff !important;}&#8221;][vc_column css_animation=&#8221;none&#8221; width=&#8221;1\/2&#8243; css=&#8221;.vc_custom_1511243001013{padding-top: 0px !important;padding-bottom: 0px !important;}&#8221;][vc_custom_heading text=&#8221;Brocas&#8221; font_container=&#8221;tag:h2|font_size:30px|text_align:left&#8221; use_theme_fonts=&#8221;yes&#8221;]<div class=\"rt-image-gallery element-one\" data-thumbnail-items=\"4\"><ul class=\"rt-image-gallery-holder owl-carousel\"><li><img decoding=\"async\" src=\"https:\/\/www.mabi.fr\/wp-content\/uploads\/2018\/05\/meche-et-foret-bois.png\"><\/li><li><img decoding=\"async\" src=\"https:\/\/www.mabi.fr\/wp-content\/uploads\/2018\/05\/foret-beton-sds-plus.png\"><\/li><li><img decoding=\"async\" src=\"https:\/\/www.mabi.fr\/wp-content\/uploads\/2018\/05\/explication-kit-de-butee-.png\"><\/li><\/ul><\/div>[\/vc_column][vc_column width=&#8221;1\/2&#8243; css=&#8221;.vc_custom_1513763948127{margin-top: 0px !important;margin-bottom: 0px !important;padding-top: 0px !important;padding-bottom: 0px !important;}&#8221;][vc_empty_space][vc_column_text css=&#8221;.vc_custom_1598961247621{margin-top: 25px !important;margin-bottom: 0px !important;padding-top: 0px !important;padding-right: 0px !important;padding-bottom: 0px !important;padding-left: 0px !important;}&#8221;]Brocas salom\u00f3nicas de madera<br \/>\n\u2022 Punta autorroscante para taladrar sin esfuerzo y con una progresi\u00f3n autom\u00e1tica<br \/>\n\u2022 Taladro afilado, agujero limpio, perforaci\u00f3n de calidad.<br \/>\n\u2022 Espiral \u00fanica, la ausencia de eje central garantiza una perfecta evacuaci\u00f3n de las virutas de madera y evitan atascos.<br \/>\n\u2022 El di\u00e1metro rectificado reduce la fricci\u00f3n y el sobrecalentamiento en caso de perforaci\u00f3n profunda.<\/p>\n<p>Brocas de madera con cortador invertido<br \/>\nEspecialmente recomendado para maderas duras: bordes de corte de 2 planos para evitar el bloqueo de las virutas de madera.<\/p>\n<p>Brocas<br \/>\nHechas de acero de alta velocidad &#8220;(HSS). Vuelva a afilar a voluntad y muy robusto, resistentes a los clavos.<\/p>\n<p>Broca para hormig\u00f3n SDS plus<br \/>\nAltamente resistente con cabeza de carburo de 2 puntos.<\/p>\n<p>Stop kit<br \/>\nIdeal para taladrar agujeros de forma f\u00e1cil y r\u00e1pida a la profundidad deseada.<br \/>\nAjuste de 15 a 90 mm, el tope bloquea el progreso de la broca, liberando la broca sin tirar en la taladradora.<\/p>\n<p><a href=\"https:\/\/www.youtube.com\/watch?v=yAV7gxIeKaA\" target=\"_blank\" rel=\"noopener noreferrer\">Video de demostraci\u00f3n<\/a><\/p>\n<p>[\/vc_column_text][\/vc_column][\/vc_row][vc_row full_width=&#8221;stretch_row&#8221; css_animation=&#8221;none&#8221; css=&#8221;.vc_custom_1519384448752{margin-top: 0px !important;margin-bottom: 0px !important;padding-top: 0px !important;padding-bottom: 63px !important;background-color: #ffffff !important;}&#8221;][vc_column css_animation=&#8221;none&#8221; css=&#8221;.vc_custom_1511243001013{padding-top: 0px !important;padding-bottom: 0px !important;}&#8221;][vc_empty_space][vc_empty_space][\/vc_column][\/vc_row][vc_row full_width=&#8221;stretch_row&#8221; css_animation=&#8221;none&#8221; css=&#8221;.vc_custom_1519384448752{margin-top: 0px !important;margin-bottom: 0px !important;padding-top: 0px !important;padding-bottom: 63px !important;background-color: #ffffff !important;}&#8221;][vc_column css_animation=&#8221;none&#8221; width=&#8221;1\/2&#8243; css=&#8221;.vc_custom_1511243001013{padding-top: 0px !important;padding-bottom: 0px !important;}&#8221;][vc_custom_heading text=&#8221;Equipos el\u00e9ctricos para obras de construcci\u00f3n&#8221; font_container=&#8221;tag:h2|font_size:30px|text_align:left&#8221; use_theme_fonts=&#8221;yes&#8221;]<div class=\"rt-image-gallery element-one\" data-thumbnail-items=\"4\"><ul class=\"rt-image-gallery-holder owl-carousel\"><li><img decoding=\"async\" src=\"https:\/\/www.mabi.fr\/wp-content\/uploads\/2018\/05\/valise-diagostic-traitement-humidite.png\"><\/li><li><img decoding=\"async\" src=\"https:\/\/www.mabi.fr\/wp-content\/uploads\/2018\/05\/projecteur-led-1.png\"><\/li><li><img decoding=\"async\" src=\"https:\/\/www.mabi.fr\/wp-content\/uploads\/2018\/05\/station-electrique-de-chantier-en-tant-quobjet-dynamique-1.png\"><\/li><\/ul><\/div>[\/vc_column][vc_column width=&#8221;1\/2&#8243; css=&#8221;.vc_custom_1513763948127{margin-top: 0px !important;margin-bottom: 0px !important;padding-top: 0px !important;padding-bottom: 0px !important;}&#8221;][vc_empty_space][vc_column_text css=&#8221;.vc_custom_1598961298827{margin-top: 25px !important;margin-bottom: 0px !important;padding-top: 0px !important;padding-right: 0px !important;padding-bottom: 0px !important;padding-left: 0px !important;}&#8221;]PROYECTOR LED<br \/>\nCompacto con asa de transporte. Bombilla led de 50,000 horas (15 a\u00f1os). El consumo de energ\u00eda se reduce en aproximadamente un 80% en comparaci\u00f3n con la iluminaci\u00f3n tradicional.<\/p>\n<p>Estaci\u00f3n el\u00e9ctrica de obra<br \/>\nRobusto, manejable, 6 salidas, disyuntor diferencial de 30mA, parada de emergencia IP44, 5M de cable, 3500W.<br \/>\nCaja el\u00e9ctrica para obra<br \/>\nRobusta caja compacta de PVC, 4 salidas, disyuntor diferencial de 30 mA, parada de emergencia IP44, cable de 2M, 3680 W, asa de transporte.<\/p>\n<p>Perfecta en los s\u00f3tanos obscuros para tratar hongos de pudrici\u00f3n o en el \u00e1tico para eliminar termitas, carcomas o polillas.<\/p>\n<p>Kit diagn\u00f3stico con:<br \/>\n\u2022 Tel\u00e9metro: medici\u00f3n de distancias \/ \u00e1reas \/ vol\u00famenes y alturas. Rango de medici\u00f3n 0.05M-30M<br \/>\n\u2022 Term\u00f3metro de imagen t\u00e9rmica: identificaci\u00f3n de problemas relacionados con el calor<br \/>\n\u2022 Medici\u00f3n de temperatura con alta precisi\u00f3n. Documentaci\u00f3n de la inspecci\u00f3n con im\u00e1genes. Rango de medici\u00f3n -25 \u00b0 C a 380 \u00b0 C<br \/>\n\u2022 Probador de humedad que mide el contenido de humedad de madera y materiales. Rango de medici\u00f3n 5% a 50% para madera y 1,5% a 33% para materiales<br \/>\n\u2022 Higr\u00f3metro que mide el nivel de humedad en el aire. Rango de medici\u00f3n de humedad de 0 a 100% HR<br \/>\n\u2022 Endoscopio de campo: inspecci\u00f3n del interior de las instalaciones. Longitud del sensor 59 cm. Di\u00e1metro de la sonda: 9.8 mm<\/p>\n<p>Este kit le ayudara en sus diagn\u00f3sticos para detectar termitas, carcomas y tambi\u00e9n problemas de humedades.[\/vc_column_text][\/vc_column][\/vc_row][vc_row][vc_column][vc_empty_space][vc_empty_space][\/vc_column][\/vc_row][\/vc_section][vc_section full_width=&#8221;stretch_row&#8221; css=&#8221;.vc_custom_1513763855103{margin-top: 0px !important;margin-bottom: 0px !important;padding-top: 75px !important;padding-bottom: 0px !important;}&#8221;][vc_row full_width=&#8221;stretch_row&#8221; css_animation=&#8221;none&#8221; css=&#8221;.vc_custom_1519384448752{margin-top: 0px !important;margin-bottom: 0px !important;padding-top: 0px !important;padding-bottom: 63px !important;background-color: #ffffff !important;}&#8221;][vc_column css_animation=&#8221;none&#8221; width=&#8221;1\/2&#8243; css=&#8221;.vc_custom_1511243001013{padding-top: 0px !important;padding-bottom: 0px !important;}&#8221;][vc_custom_heading text=&#8221;Limpieza del sitio y evacuaci\u00f3n de escombros&#8221; font_container=&#8221;tag:h2|font_size:30px|text_align:left&#8221; use_theme_fonts=&#8221;yes&#8221;]<div class=\"rt-image-gallery element-one\" data-thumbnail-items=\"4\"><ul class=\"rt-image-gallery-holder owl-carousel\"><li><img decoding=\"async\" src=\"https:\/\/www.mabi.fr\/wp-content\/uploads\/2018\/05\/hachette-fiskarss.png\"><\/li><li><img decoding=\"async\" src=\"https:\/\/www.mabi.fr\/wp-content\/uploads\/2018\/05\/sac-gravat.png\"><\/li><li><img decoding=\"async\" src=\"https:\/\/www.mabi.fr\/wp-content\/uploads\/2018\/05\/brosse-ergonomique.png\"><\/li><li><img decoding=\"async\" src=\"https:\/\/www.mabi.fr\/wp-content\/uploads\/2018\/05\/malliet.png\"><\/li><\/ul><\/div>[\/vc_column][vc_column width=&#8221;1\/2&#8243; css=&#8221;.vc_custom_1513763948127{margin-top: 0px !important;margin-bottom: 0px !important;padding-top: 0px !important;padding-bottom: 0px !important;}&#8221;][vc_empty_space][vc_column_text css=&#8221;.vc_custom_1598961330114{margin-top: 25px !important;margin-bottom: 0px !important;padding-top: 0px !important;padding-right: 0px !important;padding-bottom: 0px !important;padding-left: 0px !important;}&#8221;]Hacha FISKARS<br \/>\nCabezal fijo para una seguridad \u00f3ptima, peso de la cuchilla: 640G<br \/>\nMazo de goma dura, peso: 538G<br \/>\nCepillo plano Cerdas de acero, 80% m\u00e1s efectivas gracias a la forma plana<br \/>\nBolsa de polipropileno tejido resistente. 60 x 83 cm[\/vc_column_text][\/vc_column][\/vc_row][\/vc_section][vc_section full_width=&#8221;stretch_row&#8221; css=&#8221;.vc_custom_1513763855103{margin-top: 0px !important;margin-bottom: 0px !important;padding-top: 75px !important;padding-bottom: 0px !important;}&#8221;][vc_row][vc_column][vc_empty_space][vc_empty_space][\/vc_column][\/vc_row][vc_row full_width=&#8221;stretch_row&#8221; css_animation=&#8221;none&#8221; css=&#8221;.vc_custom_1519384448752{margin-top: 0px !important;margin-bottom: 0px !important;padding-top: 0px !important;padding-bottom: 63px !important;background-color: #ffffff !important;}&#8221;][vc_column css_animation=&#8221;none&#8221; width=&#8221;1\/2&#8243; css=&#8221;.vc_custom_1511243001013{padding-top: 0px !important;padding-bottom: 0px !important;}&#8221;][vc_custom_heading text=&#8221;Pulverizador y limpiador&#8221; font_container=&#8221;tag:h2|font_size:30px|text_align:left&#8221; use_theme_fonts=&#8221;yes&#8221;]<div class=\"rt-image-gallery element-one\" data-thumbnail-items=\"4\"><ul class=\"rt-image-gallery-holder owl-carousel\"><li><img decoding=\"async\" src=\"https:\/\/www.mabi.fr\/wp-content\/uploads\/2018\/05\/pulverisateur-sur-chariot.png\"><\/li><li><img decoding=\"async\" src=\"https:\/\/www.mabi.fr\/wp-content\/uploads\/2018\/05\/xylophene-produit-de-traitement.png\"><\/li><li><img decoding=\"async\" src=\"https:\/\/www.mabi.fr\/wp-content\/uploads\/2018\/05\/pulverisateur-dorsal.png\"><\/li><\/ul><\/div>[\/vc_column][vc_column width=&#8221;1\/2&#8243; css=&#8221;.vc_custom_1513763948127{margin-top: 0px !important;margin-bottom: 0px !important;padding-top: 0px !important;padding-bottom: 0px !important;}&#8221;][vc_empty_space][vc_column_text css=&#8221;.vc_custom_1598961366744{margin-top: 25px !important;margin-bottom: 0px !important;padding-top: 0px !important;padding-right: 0px !important;padding-bottom: 0px !important;padding-left: 0px !important;}&#8221;]KIT MABI PRO pulverizador con carrito. Disponible con una manguera de 6 o 20 M. La bomba autocebante impulsa un chorro de hasta 10 M. Flujo m\u00e1ximo: 240L \/ H con la boquilla de chorro directo.<br \/>\nUso continuo gracias a la segunda bater\u00eda opcional. La correa de sujeci\u00f3n del tanque es reforzada y c\u00f3moda.<br \/>\nFunciona con bater\u00eda recargable de ION DE LITIO. El tanque est\u00e1 equipado con una bomba de diafragma con sellos de vit\u00f3n. Al presionar la manija, la bomba se activa autom\u00e1ticamente. Muy c\u00f3modo para limpiar las cubiertas y techos y impermeabilizar las fachadas.<br \/>\nEntregado montado y probado: listo para usar<\/p>\n<p>Tanque de retenci\u00f3n para garrafas, hecho de polietileno con piso de metal abierto para 2 garrafas. La soluci\u00f3n para transportar los protectores de madera o las resinas impermeabilizantes.[\/vc_column_text][\/vc_column][\/vc_row][vc_row][vc_column][\/vc_column][\/vc_row][vc_row][vc_column][vc_single_image image=&#8221;11628&#8243; img_size=&#8221;full&#8221; onclick=&#8221;custom_link&#8221; img_link_target=&#8221;_blank&#8221; title=&#8221;DESCARGAR EL CATALOGO&#8221; link=&#8221;https:\/\/www.mabi.fr\/wp-content\/uploads\/2020\/01\/catalogue-mabi-2020-materiel-et-protection-.pdf&#8221;][\/vc_column][\/vc_row][\/vc_section]<\/p>\n<\/div>","protected":false},"author":3,"featured_media":12026,"menu_order":50,"template":"","class_list":["post-12024","product","type-product","status-publish","has-post-thumbnail","hentry"],"yoast_head":"<!-- This site is optimized with the Yoast SEO plugin v27.5 - https:\/\/yoast.com\/product\/yoast-seo-wordpress\/ -->\n<title>Equipos de construcci\u00f3n - Mabi<\/title>\n<meta name=\"description\" content=\"La preparaci\u00f3n de la obra es una etapa importante para mejorar la eficiencia, las herramientas son socios inigualables, es por eso que MABI ofrece\" \/>\n<meta name=\"robots\" content=\"index, follow, max-snippet:-1, max-image-preview:large, max-video-preview:-1\" \/>\n<link rel=\"canonical\" href=\"https:\/\/www.mabi.fr\/es\/productos-y-catalogo\/materiel-chantier\/\" \/>\n<meta property=\"og:locale\" content=\"es_ES\" \/>\n<meta property=\"og:type\" content=\"article\" \/>\n<meta property=\"og:title\" content=\"Equipos de construcci\u00f3n - Mabi\" \/>\n<meta property=\"og:description\" content=\"La preparaci\u00f3n de la obra es una etapa importante para mejorar la eficiencia, las herramientas son socios inigualables, es por eso que MABI ofrece\" \/>\n<meta property=\"og:url\" content=\"https:\/\/www.mabi.fr\/es\/productos-y-catalogo\/materiel-chantier\/\" \/>\n<meta property=\"og:site_name\" content=\"Mabi\" \/>\n<meta property=\"article:publisher\" content=\"https:\/\/www.facebook.com\/team.mabi\/\" \/>\n<meta property=\"article:modified_time\" content=\"2020-09-08T11:07:40+00:00\" \/>\n<meta property=\"og:image\" content=\"https:\/\/www.mabi.fr\/wp-content\/uploads\/2018\/05\/materiel-de-decapage.png\" \/>\n\t<meta property=\"og:image:width\" content=\"945\" \/>\n\t<meta property=\"og:image:height\" content=\"555\" \/>\n\t<meta property=\"og:image:type\" content=\"image\/png\" \/>\n<meta name=\"twitter:card\" content=\"summary_large_image\" \/>\n<meta name=\"twitter:label1\" content=\"Tiempo de lectura\" \/>\n\t<meta name=\"twitter:data1\" content=\"9 minutos\" \/>\n<script type=\"application\/ld+json\" class=\"yoast-schema-graph\">{\"@context\":\"https:\\\/\\\/schema.org\",\"@graph\":[{\"@type\":\"WebPage\",\"@id\":\"https:\\\/\\\/www.mabi.fr\\\/es\\\/productos-y-catalogo\\\/materiel-chantier\\\/\",\"url\":\"https:\\\/\\\/www.mabi.fr\\\/es\\\/productos-y-catalogo\\\/materiel-chantier\\\/\",\"name\":\"Equipos de construcci\u00f3n - Mabi\",\"isPartOf\":{\"@id\":\"https:\\\/\\\/www.mabi.fr\\\/es\\\/#website\"},\"primaryImageOfPage\":{\"@id\":\"https:\\\/\\\/www.mabi.fr\\\/es\\\/productos-y-catalogo\\\/materiel-chantier\\\/#primaryimage\"},\"image\":{\"@id\":\"https:\\\/\\\/www.mabi.fr\\\/es\\\/productos-y-catalogo\\\/materiel-chantier\\\/#primaryimage\"},\"thumbnailUrl\":\"https:\\\/\\\/www.mabi.fr\\\/wp-content\\\/uploads\\\/2018\\\/05\\\/materiel-de-decapage.png\",\"datePublished\":\"2018-05-08T10:08:09+00:00\",\"dateModified\":\"2020-09-08T11:07:40+00:00\",\"description\":\"La preparaci\u00f3n de la obra es una etapa importante para mejorar la eficiencia, las herramientas son socios inigualables, es por eso que MABI ofrece\",\"breadcrumb\":{\"@id\":\"https:\\\/\\\/www.mabi.fr\\\/es\\\/productos-y-catalogo\\\/materiel-chantier\\\/#breadcrumb\"},\"inLanguage\":\"es\",\"potentialAction\":[{\"@type\":\"ReadAction\",\"target\":[\"https:\\\/\\\/www.mabi.fr\\\/es\\\/productos-y-catalogo\\\/materiel-chantier\\\/\"]}]},{\"@type\":\"ImageObject\",\"inLanguage\":\"es\",\"@id\":\"https:\\\/\\\/www.mabi.fr\\\/es\\\/productos-y-catalogo\\\/materiel-chantier\\\/#primaryimage\",\"url\":\"https:\\\/\\\/www.mabi.fr\\\/wp-content\\\/uploads\\\/2018\\\/05\\\/materiel-de-decapage.png\",\"contentUrl\":\"https:\\\/\\\/www.mabi.fr\\\/wp-content\\\/uploads\\\/2018\\\/05\\\/materiel-de-decapage.png\",\"width\":945,\"height\":555},{\"@type\":\"BreadcrumbList\",\"@id\":\"https:\\\/\\\/www.mabi.fr\\\/es\\\/productos-y-catalogo\\\/materiel-chantier\\\/#breadcrumb\",\"itemListElement\":[{\"@type\":\"ListItem\",\"position\":1,\"name\":\"Accueil\",\"item\":\"https:\\\/\\\/www.mabi.fr\\\/es\\\/home-page-version-8\\\/\"},{\"@type\":\"ListItem\",\"position\":2,\"name\":\"Productos & cat\u00e1logo\",\"item\":\"https:\\\/\\\/www.mabi.fr\\\/es\\\/productos-y-catalogo\\\/\"},{\"@type\":\"ListItem\",\"position\":3,\"name\":\"Equipos de construcci\u00f3n\"}]},{\"@type\":\"WebSite\",\"@id\":\"https:\\\/\\\/www.mabi.fr\\\/es\\\/#website\",\"url\":\"https:\\\/\\\/www.mabi.fr\\\/es\\\/\",\"name\":\"Mabi\",\"description\":\"Traitement du bois et des murs\",\"publisher\":{\"@id\":\"https:\\\/\\\/www.mabi.fr\\\/es\\\/#organization\"},\"inLanguage\":\"es\"},{\"@type\":\"Organization\",\"@id\":\"https:\\\/\\\/www.mabi.fr\\\/es\\\/#organization\",\"name\":\"MABI\",\"url\":\"https:\\\/\\\/www.mabi.fr\\\/es\\\/\",\"logo\":{\"@type\":\"ImageObject\",\"inLanguage\":\"es\",\"@id\":\"https:\\\/\\\/www.mabi.fr\\\/es\\\/#\\\/schema\\\/logo\\\/image\\\/\",\"url\":\"https:\\\/\\\/www.mabi.fr\\\/wp-content\\\/uploads\\\/2018\\\/04\\\/logo-mabi.png\",\"contentUrl\":\"https:\\\/\\\/www.mabi.fr\\\/wp-content\\\/uploads\\\/2018\\\/04\\\/logo-mabi.png\",\"width\":400,\"height\":165,\"caption\":\"MABI\"},\"image\":{\"@id\":\"https:\\\/\\\/www.mabi.fr\\\/es\\\/#\\\/schema\\\/logo\\\/image\\\/\"},\"sameAs\":[\"https:\\\/\\\/www.facebook.com\\\/team.mabi\\\/\",\"https:\\\/\\\/www.youtube.com\\\/channel\\\/UCROWjwVyMZg_5ybzXJofFlg\"]}]}<\/script>\n<!-- \/ Yoast SEO plugin. -->","yoast_head_json":{"title":"Equipos de construcci\u00f3n - Mabi","description":"La preparaci\u00f3n de la obra es una etapa importante para mejorar la eficiencia, las herramientas son socios inigualables, es por eso que MABI ofrece","robots":{"index":"index","follow":"follow","max-snippet":"max-snippet:-1","max-image-preview":"max-image-preview:large","max-video-preview":"max-video-preview:-1"},"canonical":"https:\/\/www.mabi.fr\/es\/productos-y-catalogo\/materiel-chantier\/","og_locale":"es_ES","og_type":"article","og_title":"Equipos de construcci\u00f3n - Mabi","og_description":"La preparaci\u00f3n de la obra es una etapa importante para mejorar la eficiencia, las herramientas son socios inigualables, es por eso que MABI ofrece","og_url":"https:\/\/www.mabi.fr\/es\/productos-y-catalogo\/materiel-chantier\/","og_site_name":"Mabi","article_publisher":"https:\/\/www.facebook.com\/team.mabi\/","article_modified_time":"2020-09-08T11:07:40+00:00","og_image":[{"width":945,"height":555,"url":"https:\/\/www.mabi.fr\/wp-content\/uploads\/2018\/05\/materiel-de-decapage.png","type":"image\/png"}],"twitter_card":"summary_large_image","twitter_misc":{"Tiempo de lectura":"9 minutos"},"schema":{"@context":"https:\/\/schema.org","@graph":[{"@type":"WebPage","@id":"https:\/\/www.mabi.fr\/es\/productos-y-catalogo\/materiel-chantier\/","url":"https:\/\/www.mabi.fr\/es\/productos-y-catalogo\/materiel-chantier\/","name":"Equipos de construcci\u00f3n - Mabi","isPartOf":{"@id":"https:\/\/www.mabi.fr\/es\/#website"},"primaryImageOfPage":{"@id":"https:\/\/www.mabi.fr\/es\/productos-y-catalogo\/materiel-chantier\/#primaryimage"},"image":{"@id":"https:\/\/www.mabi.fr\/es\/productos-y-catalogo\/materiel-chantier\/#primaryimage"},"thumbnailUrl":"https:\/\/www.mabi.fr\/wp-content\/uploads\/2018\/05\/materiel-de-decapage.png","datePublished":"2018-05-08T10:08:09+00:00","dateModified":"2020-09-08T11:07:40+00:00","description":"La preparaci\u00f3n de la obra es una etapa importante para mejorar la eficiencia, las herramientas son socios inigualables, es por eso que MABI ofrece","breadcrumb":{"@id":"https:\/\/www.mabi.fr\/es\/productos-y-catalogo\/materiel-chantier\/#breadcrumb"},"inLanguage":"es","potentialAction":[{"@type":"ReadAction","target":["https:\/\/www.mabi.fr\/es\/productos-y-catalogo\/materiel-chantier\/"]}]},{"@type":"ImageObject","inLanguage":"es","@id":"https:\/\/www.mabi.fr\/es\/productos-y-catalogo\/materiel-chantier\/#primaryimage","url":"https:\/\/www.mabi.fr\/wp-content\/uploads\/2018\/05\/materiel-de-decapage.png","contentUrl":"https:\/\/www.mabi.fr\/wp-content\/uploads\/2018\/05\/materiel-de-decapage.png","width":945,"height":555},{"@type":"BreadcrumbList","@id":"https:\/\/www.mabi.fr\/es\/productos-y-catalogo\/materiel-chantier\/#breadcrumb","itemListElement":[{"@type":"ListItem","position":1,"name":"Accueil","item":"https:\/\/www.mabi.fr\/es\/home-page-version-8\/"},{"@type":"ListItem","position":2,"name":"Productos & cat\u00e1logo","item":"https:\/\/www.mabi.fr\/es\/productos-y-catalogo\/"},{"@type":"ListItem","position":3,"name":"Equipos de construcci\u00f3n"}]},{"@type":"WebSite","@id":"https:\/\/www.mabi.fr\/es\/#website","url":"https:\/\/www.mabi.fr\/es\/","name":"Mabi","description":"Traitement du bois et des murs","publisher":{"@id":"https:\/\/www.mabi.fr\/es\/#organization"},"inLanguage":"es"},{"@type":"Organization","@id":"https:\/\/www.mabi.fr\/es\/#organization","name":"MABI","url":"https:\/\/www.mabi.fr\/es\/","logo":{"@type":"ImageObject","inLanguage":"es","@id":"https:\/\/www.mabi.fr\/es\/#\/schema\/logo\/image\/","url":"https:\/\/www.mabi.fr\/wp-content\/uploads\/2018\/04\/logo-mabi.png","contentUrl":"https:\/\/www.mabi.fr\/wp-content\/uploads\/2018\/04\/logo-mabi.png","width":400,"height":165,"caption":"MABI"},"image":{"@id":"https:\/\/www.mabi.fr\/es\/#\/schema\/logo\/image\/"},"sameAs":["https:\/\/www.facebook.com\/team.mabi\/","https:\/\/www.youtube.com\/channel\/UCROWjwVyMZg_5ybzXJofFlg"]}]}},"_links":{"self":[{"href":"https:\/\/www.mabi.fr\/es\/wp-json\/wp\/v2\/product\/12024","targetHints":{"allow":["GET"]}}],"collection":[{"href":"https:\/\/www.mabi.fr\/es\/wp-json\/wp\/v2\/product"}],"about":[{"href":"https:\/\/www.mabi.fr\/es\/wp-json\/wp\/v2\/types\/product"}],"author":[{"embeddable":true,"href":"https:\/\/www.mabi.fr\/es\/wp-json\/wp\/v2\/users\/3"}],"version-history":[{"count":4,"href":"https:\/\/www.mabi.fr\/es\/wp-json\/wp\/v2\/product\/12024\/revisions"}],"predecessor-version":[{"id":12280,"href":"https:\/\/www.mabi.fr\/es\/wp-json\/wp\/v2\/product\/12024\/revisions\/12280"}],"wp:featuredmedia":[{"embeddable":true,"href":"https:\/\/www.mabi.fr\/es\/wp-json\/wp\/v2\/media\/12026"}],"wp:attachment":[{"href":"https:\/\/www.mabi.fr\/es\/wp-json\/wp\/v2\/media?parent=12024"}],"curies":[{"name":"wp","href":"https:\/\/api.w.org\/{rel}","templated":true}]}}