{"id":11549,"date":"2019-12-05T15:22:47","date_gmt":"2019-12-05T14:22:47","guid":{"rendered":"https:\/\/www.mabi.fr\/?post_type=product&#038;p=11549"},"modified":"2021-05-25T14:56:25","modified_gmt":"2021-05-25T12:56:25","slug":"produit-de-preservation","status":"publish","type":"product","link":"https:\/\/www.mabi.fr\/fr\/produits-et-catalogues\/produit-de-preservation\/","title":{"rendered":"Produit de pr\u00e9servation"},"content":{"rendered":"<div class=\"wpb-content-wrapper\"><p>[vc_row full_width=&#8221;stretch_row_content_no_spaces&#8221;][vc_column][rev_slider_vc alias=&#8221;produits-chimique&#8221;][\/vc_column][\/vc_row][vc_section full_width=&#8221;stretch_row&#8221; css=&#8221;.vc_custom_1519185297550{padding-top: 65px !important;padding-bottom: 63px !important;}&#8221;][vc_row full_width=&#8221;stretch_row&#8221; css_animation=&#8221;none&#8221; css=&#8221;.vc_custom_1519125593762{margin-top: 0px !important;margin-bottom: 0px !important;padding-top: 0px !important;padding-bottom: 0px !important;}&#8221;][vc_column css_animation=&#8221;none&#8221;][vc_custom_heading text=&#8221;Les produits de pr\u00e9servation tel que : Xyloph\u00e8ne, Xilix 3000P, TMU multiusage, Xilix 1000, Xilix gel, Termidor, Solignum&#8230; sont des produits chimiques ils doivent \u00eatre utilis\u00e9s avec pr\u00e9caution.<br \/>\nLe port des \u00e9quipements de protection individuelle est obligatoire, assurez-vous d&#8217;avoir les \u00e9quipements adapt\u00e9s.&#8221; font_container=&#8221;tag:h1|font_size:36px|text_align:left|color:%234a5161&#8243; use_theme_fonts=&#8221;yes&#8221; css_animation=&#8221;none&#8221; css=&#8221;.vc_custom_1575902858490{margin-top: -5px !important;padding-top: 0px !important;padding-bottom: 0px !important;}&#8221;][vc_empty_space][vc_empty_space][vc_custom_heading text=&#8221;Pourquoi utiliser les produits de pr\u00e9servation ( produit chimique Xilix, termidor, Xyloph\u00e8ne, Xilix gel &#8230;) pr\u00e9conis\u00e9 par MABI ?&#8221; font_container=&#8221;tag:h2|font_size:30px|text_align:left&#8221; use_theme_fonts=&#8221;yes&#8221;][vc_column_text css_animation=&#8221;none&#8221; css=&#8221;.vc_custom_1575639679347{margin-top: 13px !important;margin-bottom: 0px !important;padding-top: 0px !important;padding-bottom: 0px !important;}&#8221;]Les produits de traitement insecticide propos\u00e9s ont fait l&#8217;objet d&#8217;une s\u00e9lection rigoureuse selon les normes en vigueur. <a href=\"https:\/\/www.mabi.fr\/fr\/2018\/06\/explication-du-certibiocide\/\" target=\"_blank\" rel=\"noopener noreferrer\">Explication du CERTIBIOCIDE<\/a><\/p>\n<p>L&#8217;action des produits de pr\u00e9servation permet de renforcer durablement et efficacement\u00a0 la protection des b\u00e2timents contre les termites et les insectes \u00e0 larves xylophages, la m\u00e9rule, et autres champignons.<\/p>\n<p>Les traitements peuvent s&#8217;appliquer sur le bois et les ma\u00e7onneries, pour pr\u00e9server les b\u00e2timents des termites, champignons, termites et les insectes \u00e0 larves xylophages&#8230;[\/vc_column_text][vc_empty_space][vc_empty_space][vc_empty_space][vc_custom_heading text=&#8221;Quel produit de pr\u00e9servation choisir ( Xilix, termidor, Xyloph\u00e8ne, ..) ?&#8221; font_container=&#8221;tag:h2|font_size:30px|text_align:left&#8221; use_theme_fonts=&#8221;yes&#8221; link=&#8221;url:https%3A%2F%2Fshop.mabi.fr%2Ffr%2F70-produits-de-traitement||target:%20_blank|&#8221;][vc_row_inner css=&#8221;.vc_custom_1519109282851{margin-top: 23px !important;padding-top: 0px !important;padding-right: 0px !important;padding-bottom: 0px !important;padding-left: 0px !important;}&#8221;][vc_column_inner width=&#8221;1\/2&#8243; css=&#8221;.vc_custom_1519109843281{margin-bottom: 0px !important;padding-top: 15px !important;padding-right: 10px !important;padding-bottom: 0px !important;padding-left: 10px !important;}&#8221;][vc_empty_space][vc_empty_space]\r<!-- list -->\r<div class=\"rt-list rt8aadc156-30b6-1 element-one   \" ><p><\/p>\n<ol>\n<li>\u00a0Produit de traitement\u00a0 liquide , est une\u00a0 m\u00e9thode de traitement simple, mais surtout tr\u00e8s efficace.<\/li>\n<li>Produit de traitement\u00a0 gel, permet le traitement des bois , produit compact qui ne coule pas.<\/li>\n<\/ol>\n<p>Vous h\u00e9sitez sur la m\u00e9thode de traitement, entre les produits de pr\u00e9servation gel et les produits de pr\u00e9servation liquides voici un article qui peut vous int\u00e9resser<a href=\"https:\/\/www.mabi.fr\/fr\/2019\/06\/traitement-des-bois-par-gel-ou-traitement-des-bois-par-liquide-comment-choisir\/\"> lire la suite &#8230;<\/a><\/p><\/div>\r<!-- list -->\r[\/vc_column_inner][vc_column_inner width=&#8221;1\/2&#8243; css=&#8221;.vc_custom_1519110059056{padding-top: 15px !important;padding-right: 10px !important;padding-bottom: 0px !important;padding-left: 10px !important;}&#8221;][vc_gallery interval=&#8221;0&#8243; images=&#8221;11563,11573,11529,11570,11532,11566,11556&#8243; img_size=&#8221;full&#8221; onclick=&#8221;&#8221;][\/vc_column_inner][\/vc_row_inner][vc_custom_heading text=&#8221;Quels sont les avantages de chaque produit ( Xilix, Xyloph\u00e8ne, termidor&#8230;) ?&#8221; font_container=&#8221;tag:h2|font_size:30px|text_align:left&#8221; use_theme_fonts=&#8221;yes&#8221;][vc_row_inner css=&#8221;.vc_custom_1519186091069{margin-top: 29px !important;margin-bottom: 0px !important;padding-top: 0px !important;padding-bottom: 0px !important;}&#8221;][vc_column_inner width=&#8221;1\/3&#8243; css=&#8221;.vc_custom_1511780171025{margin-top: 0px !important;margin-bottom: 0px !important;padding-top: 0px !important;padding-right: 0px !important;padding-bottom: 0px !important;padding-left: 0px !important;}&#8221;][vc_gallery interval=&#8221;0&#8243; images=&#8221;11556,11563,10697&#8243; img_size=&#8221;full&#8221; onclick=&#8221;custom_link&#8221; custom_links_target=&#8221;_blank&#8221; custom_links=&#8221;#E-8_aHR0cHMlM0ElMkYlMkZzaG9wLm1hYmkuZnIlMkZmciUyRjUzNy10ZXJtaWRvci1zYy1sZS1mbGFjb24tZGUtMDItbGl0cmVzLmh0bWw=&#8221;][\/vc_column_inner][vc_column_inner width=&#8221;2\/3&#8243;][vc_custom_heading text=&#8221;TERMIDOR&#8221; font_container=&#8221;tag:h3|font_size:20px|text_align:left|color:%23424242&#8243; use_theme_fonts=&#8221;yes&#8221; css_animation=&#8221;none&#8221; css=&#8221;.vc_custom_1621943454573{margin-top: 0px !important;padding-top: 0px !important;padding-bottom: 0px !important;}&#8221; link=&#8221;url:https%3A%2F%2Fshop.mabi.fr%2Ffr%2F537-termidor-sc-le-flacon-de-02-litres.html||target:%20_blank|&#8221;]\r<!-- list -->\r<div class=\"rt-list rtd7dc17ef-370f-7 element-one   \" ><p>Une protection \u00e0 long terme contre les attaques de termites.<\/p>\n<ul>\n<li>Type de produit : Barri\u00e8re chimique antitermites<br \/>\nMode d&#8217;utilisation : Injection des ma\u00e7onneries<br \/>\nDescription : Traitement curatif (reticulitermes Spp)<br \/>\nLa quantit\u00e9 de produit dilu\u00e9 dans l&#8217;eau \u00e0 0.2 % (m\/m) est de 5L par m\u00e8tre lin\u00e9aire<\/li>\n<li>attention le certibiocide est obligatoire<\/li>\n<\/ul>\n<p><\/p><\/div>\r<!-- list -->\r[vc_column_text css_animation=&#8221;none&#8221; css=&#8221;.vc_custom_1606138023381{margin-top: 10px !important;margin-bottom: 0px !important;padding-top: 0px !important;padding-bottom: 25px !important;}&#8221;]Quelques semaines suffisent pour stopper,l\u2019infestation de termites et \u00e9viter de nouveaux d\u00e9g\u00e2ts.<\/p>\n<p>Le produit est actif \u00e0 l\u2019int\u00e9rieur des ma\u00e7onneries.<\/p>\n<p>Il convient \u00e0 tous les types de structures b\u00e2ties. Applicable sur b\u00e2timent r\u00e9cent ou en r\u00e9novation, en zone urbaine ou maison isol\u00e9e, le fonctionnement de la barri\u00e8re active reste imperturbable.<\/p>\n<p><a href=\"https:\/\/shop.mabi.fr\/fr\/537-termidor-sc-le-flacon-de-02-litres.html\">Commander en ligne<\/a>[\/vc_column_text][\/vc_column_inner][\/vc_row_inner][vc_empty_space height=&#8221;20px&#8221;][vc_row_inner css=&#8221;.vc_custom_1519110935262{margin-top: 18px !important;margin-bottom: 0px !important;padding-top: 0px !important;padding-bottom: 0px !important;}&#8221;][vc_column_inner width=&#8221;1\/3&#8243; css=&#8221;.vc_custom_1511780171025{margin-top: 0px !important;margin-bottom: 0px !important;padding-top: 0px !important;padding-right: 0px !important;padding-bottom: 0px !important;padding-left: 0px !important;}&#8221;][vc_gallery interval=&#8221;0&#8243; images=&#8221;11566,10684,9854,9849,9362&#8243; img_size=&#8221;full&#8221; onclick=&#8221;custom_link&#8221; custom_links_target=&#8221;_blank&#8221; custom_links=&#8221;#E-8_aHR0cHMlM0ElMkYlMkZzaG9wLm1hYmkuZnIlMkZmciUyRjU0MC14aWxpeC1nZWwtY3VyYXRpZi1iaWRvbi1kZS0yMGwuaHRtbA==&#8221;][\/vc_column_inner][vc_column_inner width=&#8221;2\/3&#8243;][vc_custom_heading text=&#8221;Xilix Gel&#8221; font_container=&#8221;tag:h3|font_size:20px|text_align:left|color:%23424242&#8243; use_theme_fonts=&#8221;yes&#8221; css_animation=&#8221;none&#8221; css=&#8221;.vc_custom_1621943542915{margin-top: 0px !important;padding-top: 0px !important;padding-bottom: 0px !important;}&#8221; link=&#8221;url:https%3A%2F%2Fshop.mabi.fr%2Ffr%2F540-xilix-gel-curatif-bidon-de-20l.html||target:%20_blank|&#8221;]\r<!-- list -->\r<div class=\"rt-list rt37ffe28e-49b7-6 element-one   \" ><p>Efficace contre : les insectes \u00e0 larves xylophages (capricornes des maisons, lyctus, vrillettes) et,les termites,<\/p>\n<ul>\n<li>Utilisation :\u00a0 Traitement insecticide (larves xylophages et termites)<\/li>\n<li>Application : Pulv\u00e9risation, Injection, Badigeon<\/li>\n<li>Pr\u00eat \u00e0 l&#8217;emploi.<\/li>\n<li>Attention certibiocide obligatoire<\/li>\n<\/ul>\n<p>Dans le cas de l&#8217;utilisation de ce produit en traitement curatif des bois<br \/>\nsans injection, le grammage minimum \u00e0 respecter est de 450 g\/m2.<\/p><\/div>\r<!-- list -->\r[vc_column_text css_animation=&#8221;none&#8221; css=&#8221;.vc_custom_1606138138775{margin-top: 10px !important;margin-bottom: 0px !important;padding-top: 0px !important;padding-bottom: 25px !important;}&#8221;]Le traitement s\u2019effectue par application de surface (badigeonnage, pulv\u00e9risation) et\/ou injection en profondeur.<\/p>\n<p>L&#8217;effet du traitement est imm\u00e9diat et est optimal d\u00e8s l&#8217;\u00e9tape de fixation.<br \/>\nL\u2019aspect du bois n\u2019est pas affect\u00e9 par l\u2019application du produit XILIX Gel Curatif. Compatible avec tout type de finitions.<br \/>\nBien homog\u00e9n\u00e9iser le produit avant application.<\/p>\n<p>M\u00e9thode de traitement,<a href=\"https:\/\/www.mabi.fr\/fr\/domaines-application\/insectes-a-larves-xylophages\/\" target=\"_blank\" rel=\"noopener noreferrer\"> lire la suite &#8230;<\/a><\/p>\n<p><a href=\"https:\/\/shop.mabi.fr\/fr\/540-xilix-gel-curatif-bidon-de-20l.html\">Commander en ligne<\/a>[\/vc_column_text][\/vc_column_inner][\/vc_row_inner][vc_empty_space height=&#8221;20px&#8221;][vc_row_inner css=&#8221;.vc_custom_1519110935262{margin-top: 18px !important;margin-bottom: 0px !important;padding-top: 0px !important;padding-bottom: 0px !important;}&#8221;][vc_column_inner width=&#8221;1\/3&#8243; css=&#8221;.vc_custom_1511780171025{margin-top: 0px !important;margin-bottom: 0px !important;padding-top: 0px !important;padding-right: 0px !important;padding-bottom: 0px !important;padding-left: 0px !important;}&#8221;][vc_gallery interval=&#8221;0&#8243; images=&#8221;11570,9854,10691,9072&#8243; img_size=&#8221;full&#8221; onclick=&#8221;custom_link&#8221; custom_links_target=&#8221;_blank&#8221; custom_links=&#8221;#E-8_aHR0cHMlM0ElMkYlMkZzaG9wLm1hYmkuZnIlMkZmciUyRjUzOC14aWxpeC0zMDAwcC0tYmlkb24tMjBsLWNvbmZvcnQtZmktNC5odG1s&#8221;][\/vc_column_inner][vc_column_inner width=&#8221;2\/3&#8243;][vc_custom_heading text=&#8221;Xilix 3000P&#8221; font_container=&#8221;tag:h3|font_size:20px|text_align:left|color:%23424242&#8243; use_theme_fonts=&#8221;yes&#8221; css_animation=&#8221;none&#8221; css=&#8221;.vc_custom_1621947329243{margin-top: 0px !important;padding-top: 0px !important;padding-bottom: 0px !important;}&#8221; link=&#8221;url:https%3A%2F%2Fshop.mabi.fr%2Ffr%2F538-xilix-3000p&#8211;bidon-20l-confort-fi-4.html||target:%20_blank|&#8221;]\r<!-- list -->\r<div class=\"rt-list rt37ffe28e-49b7-6 element-one   \" ><p><\/p>\n<ul>\n<li>Traitement insecticide (larves xylophages et termites) et fongicide<\/li>\n<li>Micro-\u00e9mulsion pr\u00eate \u00e0 l&#8217;emploi. En phase aqueuse<\/li>\n<li>Applications: Pulv\u00e9risation, Injection, Badigeon<\/li>\n<li>Attention certibiocide obligatoire<\/li>\n<\/ul>\n<p><\/p><\/div>\r<!-- list -->\r[vc_column_text css_animation=&#8221;none&#8221; css=&#8221;.vc_custom_1606138167445{margin-top: 10px !important;margin-bottom: 0px !important;padding-top: 0px !important;padding-bottom: 25px !important;}&#8221;]Le traitement s\u2019effectue par application de surface (pulv\u00e9risation basse pression (max. 5 bar)) et\/ou injection en profondeur.<br \/>\nL&#8217;effet du traitement est imm\u00e9diat et est optimal d\u00e8s l&#8217;\u00e9tape de fixation.<br \/>\nL\u2019aspect du bois n\u2019est pas affect\u00e9 par l\u2019application du produit XILIX 3000 P.<br \/>\nCompatible avec tout type de finitions.<br \/>\nBien homog\u00e9n\u00e9iser le produit avant application.<\/p>\n<p>M\u00e9thode de traitement,<a href=\"https:\/\/www.mabi.fr\/fr\/domaines-application\/merule\/\" target=\"_blank\" rel=\"noopener noreferrer\"> lire la suite &#8230;<\/a><\/p>\n<p><a href=\"https:\/\/shop.mabi.fr\/fr\/538-xilix-3000p--bidon-20l-confort-fi-4.html\">Commander en ligne<\/a>[\/vc_column_text][\/vc_column_inner][\/vc_row_inner][vc_empty_space height=&#8221;20px&#8221;][vc_row_inner css=&#8221;.vc_custom_1519110935262{margin-top: 18px !important;margin-bottom: 0px !important;padding-top: 0px !important;padding-bottom: 0px !important;}&#8221;][vc_column_inner width=&#8221;1\/3&#8243; css=&#8221;.vc_custom_1511780171025{margin-top: 0px !important;margin-bottom: 0px !important;padding-top: 0px !important;padding-right: 0px !important;padding-bottom: 0px !important;padding-left: 0px !important;}&#8221;][vc_gallery interval=&#8221;0&#8243; images=&#8221;11595,9811,9855,9875&#8243; img_size=&#8221;258 x 207&#8243; onclick=&#8221;custom_link&#8221; custom_links_target=&#8221;_blank&#8221; custom_links=&#8221;#E-8_aHR0cHMlM0ElMkYlMkZzaG9wLm1hYmkuZnIlMkZmciUyRjYwNC14aWxpeC10cmFpdGVtZW50LXRvdXMtdXNhZ2VzLWJpZG9uLWRlLTIwbC5odG1s&#8221;][\/vc_column_inner][vc_column_inner width=&#8221;2\/3&#8243;][vc_custom_heading text=&#8221;Xilix traitement tous usages&#8221; font_container=&#8221;tag:h3|font_size:20px|text_align:left|color:%23424242&#8243; use_theme_fonts=&#8221;yes&#8221; css_animation=&#8221;none&#8221; css=&#8221;.vc_custom_1621947382425{margin-top: 0px !important;padding-top: 0px !important;padding-bottom: 0px !important;}&#8221; link=&#8221;url:https%3A%2F%2Fshop.mabi.fr%2Ffr%2F604-xilix-traitement-tous-usages-bidon-de-20l.html||target:%20_blank|&#8221;]\r<!-- list -->\r<div class=\"rt-list rt37ffe28e-49b7-6 element-one   \" ><p><\/p>\n<ul>\n<li>Traitement insecticide (larves xylophages et termites) et fongicide<\/li>\n<li>Micro-\u00e9mulsion pr\u00eate \u00e0 l&#8217;emploi.<\/li>\n<li>Applications: Pulv\u00e9risation, Injection, Badigeon<\/li>\n<li>Attention certibiocide non obligatoire<\/li>\n<\/ul>\n<p><\/p><\/div>\r<!-- list -->\r[vc_column_text css_animation=&#8221;none&#8221; css=&#8221;.vc_custom_1606138194680{margin-top: 10px !important;margin-bottom: 0px !important;padding-top: 0px !important;padding-bottom: 25px !important;}&#8221;]Efficace contre : &#8211; les basidiomyc\u00e8tes (pourriture cubique et pourriture fibreuse),<br \/>\n&#8211; les insectes \u00e0 larves xylophages (capricornes des maisons, lyctus, vrillettes) et,<br \/>\n&#8211; les termites,<br \/>\nen traitement pr\u00e9ventif et curatif des bois mis en oeuvre et des constructions.<\/p>\n<p><a href=\"https:\/\/shop.mabi.fr\/fr\/604-xilix-traitement-tous-usages-bidon-de-20l.html\">Commander en ligne<\/a>[\/vc_column_text][\/vc_column_inner][\/vc_row_inner][vc_custom_heading text=&#8221;Les accessoires pour le traitement par injection&#8221; font_container=&#8221;tag:h2|font_size:30px|text_align:left&#8221; use_theme_fonts=&#8221;yes&#8221;][\/vc_column][\/vc_row][\/vc_section][vc_row][vc_column width=&#8221;1\/2&#8243;][vc_column_text css_animation=&#8221;none&#8221; css=&#8221;.vc_custom_1606138210495{margin-top: 10px !important;margin-bottom: 0px !important;padding-top: 0px !important;padding-bottom: 25px !important;}&#8221;]Les informations contenues dans cette page ont un caract\u00e8re g\u00e9n\u00e9ral. Les normes en vigueur concernant la protection individuelle, obligent \u00e0 l\u2019utilisation imp\u00e9rative d\u2019un \u00e9quipement \u00ab\u00a0homologu\u00e9\u00a0\u00bb. Mabi vous propose une gamme compl\u00e8te\u00a0 =&gt;\u00a0\u00a0<a href=\"https:\/\/shop.mabi.fr\/fr\/64-epi\" target=\"_blank\" rel=\"noopener noreferrer\">\u00e9quipements de protections individuelles sont obligatoires.<\/a>[\/vc_column_text][\/vc_column][vc_column width=&#8221;1\/2&#8243;][vc_gallery interval=&#8221;3&#8243; images=&#8221;11563,11532,11529,10894,10667&#8243; img_size=&#8221;full&#8221; onclick=&#8221;&#8221;][\/vc_column][vc_column][\/vc_column][\/vc_row][vc_row][vc_column][vc_custom_heading text=&#8221;Mat\u00e9riel professionnel pour le traitement du bois, des murs, des toitures, de l&#8217;isolation, 3D, EPI.&#8221; font_container=&#8221;tag:h3|font_size:30px|text_align:center&#8221; use_theme_fonts=&#8221;yes&#8221; link=&#8221;url:https%3A%2F%2Fshop.mabi.fr%2Ffr%2F||target:%20_blank|&#8221;][vc_single_image image=&#8221;12999&#8243; img_size=&#8221;full&#8221; onclick=&#8221;custom_link&#8221; img_link_target=&#8221;_blank&#8221; link=&#8221;https:\/\/shop.mabi.fr\/fr\/&#8221;][\/vc_column][\/vc_row]<\/p>\n<\/div>","protected":false},"author":3,"featured_media":0,"menu_order":0,"template":"","class_list":["post-11549","product","type-product","status-publish","hentry"],"yoast_head":"<!-- This site is optimized with the Yoast SEO plugin v27.5 - https:\/\/yoast.com\/product\/yoast-seo-wordpress\/ -->\n<title>Produit de pr\u00e9servation - Mabi<\/title>\n<meta name=\"description\" content=\"Les produits de traitement insecticide propos\u00e9s ont fait l&#039;objet d&#039;une s\u00e9lection rigoureuse selon les normes en vigueur. Explication du CERTIBIOCIDE\" \/>\n<meta name=\"robots\" content=\"index, follow, max-snippet:-1, max-image-preview:large, max-video-preview:-1\" \/>\n<link rel=\"canonical\" href=\"https:\/\/www.mabi.fr\/fr\/produits-et-catalogues\/produit-de-preservation\/\" \/>\n<meta property=\"og:locale\" content=\"fr_FR\" \/>\n<meta property=\"og:type\" content=\"article\" \/>\n<meta property=\"og:title\" content=\"Produit de pr\u00e9servation - Mabi\" \/>\n<meta property=\"og:description\" content=\"Les produits de traitement insecticide propos\u00e9s ont fait l&#039;objet d&#039;une s\u00e9lection rigoureuse selon les normes en vigueur. Explication du CERTIBIOCIDE\" \/>\n<meta property=\"og:url\" content=\"https:\/\/www.mabi.fr\/fr\/produits-et-catalogues\/produit-de-preservation\/\" \/>\n<meta property=\"og:site_name\" content=\"Mabi\" \/>\n<meta property=\"article:publisher\" content=\"https:\/\/www.facebook.com\/team.mabi\/\" \/>\n<meta property=\"article:modified_time\" content=\"2021-05-25T12:56:25+00:00\" \/>\n<meta property=\"og:image\" content=\"https:\/\/www.mabi.fr\/wp-content\/uploads\/2018\/04\/logo-mabi.png\" \/>\n\t<meta property=\"og:image:width\" content=\"400\" \/>\n\t<meta property=\"og:image:height\" content=\"165\" \/>\n\t<meta property=\"og:image:type\" content=\"image\/png\" \/>\n<meta name=\"twitter:card\" content=\"summary_large_image\" \/>\n<meta name=\"twitter:label1\" content=\"Dur\u00e9e de lecture estim\u00e9e\" \/>\n\t<meta name=\"twitter:data1\" content=\"9 minutes\" \/>\n<script type=\"application\/ld+json\" class=\"yoast-schema-graph\">{\"@context\":\"https:\\\/\\\/schema.org\",\"@graph\":[{\"@type\":\"WebPage\",\"@id\":\"https:\\\/\\\/www.mabi.fr\\\/fr\\\/produits-et-catalogues\\\/produit-de-preservation\\\/\",\"url\":\"https:\\\/\\\/www.mabi.fr\\\/fr\\\/produits-et-catalogues\\\/produit-de-preservation\\\/\",\"name\":\"Produit de pr\u00e9servation - Mabi\",\"isPartOf\":{\"@id\":\"https:\\\/\\\/www.mabi.fr\\\/fr\\\/#website\"},\"datePublished\":\"2019-12-05T14:22:47+00:00\",\"dateModified\":\"2021-05-25T12:56:25+00:00\",\"description\":\"Les produits de traitement insecticide propos\u00e9s ont fait l'objet d'une s\u00e9lection rigoureuse selon les normes en vigueur. Explication du CERTIBIOCIDE\",\"breadcrumb\":{\"@id\":\"https:\\\/\\\/www.mabi.fr\\\/fr\\\/produits-et-catalogues\\\/produit-de-preservation\\\/#breadcrumb\"},\"inLanguage\":\"fr-FR\",\"potentialAction\":[{\"@type\":\"ReadAction\",\"target\":[\"https:\\\/\\\/www.mabi.fr\\\/fr\\\/produits-et-catalogues\\\/produit-de-preservation\\\/\"]}]},{\"@type\":\"BreadcrumbList\",\"@id\":\"https:\\\/\\\/www.mabi.fr\\\/fr\\\/produits-et-catalogues\\\/produit-de-preservation\\\/#breadcrumb\",\"itemListElement\":[{\"@type\":\"ListItem\",\"position\":1,\"name\":\"Accueil\",\"item\":\"https:\\\/\\\/www.mabi.fr\\\/fr\\\/\"},{\"@type\":\"ListItem\",\"position\":2,\"name\":\"Produits & Catalogues\",\"item\":\"https:\\\/\\\/www.mabi.fr\\\/fr\\\/produits-et-catalogues\\\/\"},{\"@type\":\"ListItem\",\"position\":3,\"name\":\"Produit de pr\u00e9servation\"}]},{\"@type\":\"WebSite\",\"@id\":\"https:\\\/\\\/www.mabi.fr\\\/fr\\\/#website\",\"url\":\"https:\\\/\\\/www.mabi.fr\\\/fr\\\/\",\"name\":\"Mabi\",\"description\":\"Traitement du bois et des murs\",\"publisher\":{\"@id\":\"https:\\\/\\\/www.mabi.fr\\\/fr\\\/#organization\"},\"inLanguage\":\"fr-FR\"},{\"@type\":\"Organization\",\"@id\":\"https:\\\/\\\/www.mabi.fr\\\/fr\\\/#organization\",\"name\":\"MABI\",\"url\":\"https:\\\/\\\/www.mabi.fr\\\/fr\\\/\",\"logo\":{\"@type\":\"ImageObject\",\"inLanguage\":\"fr-FR\",\"@id\":\"https:\\\/\\\/www.mabi.fr\\\/fr\\\/#\\\/schema\\\/logo\\\/image\\\/\",\"url\":\"https:\\\/\\\/www.mabi.fr\\\/wp-content\\\/uploads\\\/2018\\\/04\\\/logo-mabi.png\",\"contentUrl\":\"https:\\\/\\\/www.mabi.fr\\\/wp-content\\\/uploads\\\/2018\\\/04\\\/logo-mabi.png\",\"width\":400,\"height\":165,\"caption\":\"MABI\"},\"image\":{\"@id\":\"https:\\\/\\\/www.mabi.fr\\\/fr\\\/#\\\/schema\\\/logo\\\/image\\\/\"},\"sameAs\":[\"https:\\\/\\\/www.facebook.com\\\/team.mabi\\\/\",\"https:\\\/\\\/www.youtube.com\\\/channel\\\/UCROWjwVyMZg_5ybzXJofFlg\"]}]}<\/script>\n<!-- \/ Yoast SEO plugin. -->","yoast_head_json":{"title":"Produit de pr\u00e9servation - Mabi","description":"Les produits de traitement insecticide propos\u00e9s ont fait l'objet d'une s\u00e9lection rigoureuse selon les normes en vigueur. Explication du CERTIBIOCIDE","robots":{"index":"index","follow":"follow","max-snippet":"max-snippet:-1","max-image-preview":"max-image-preview:large","max-video-preview":"max-video-preview:-1"},"canonical":"https:\/\/www.mabi.fr\/fr\/produits-et-catalogues\/produit-de-preservation\/","og_locale":"fr_FR","og_type":"article","og_title":"Produit de pr\u00e9servation - Mabi","og_description":"Les produits de traitement insecticide propos\u00e9s ont fait l'objet d'une s\u00e9lection rigoureuse selon les normes en vigueur. Explication du CERTIBIOCIDE","og_url":"https:\/\/www.mabi.fr\/fr\/produits-et-catalogues\/produit-de-preservation\/","og_site_name":"Mabi","article_publisher":"https:\/\/www.facebook.com\/team.mabi\/","article_modified_time":"2021-05-25T12:56:25+00:00","og_image":[{"width":400,"height":165,"url":"https:\/\/www.mabi.fr\/wp-content\/uploads\/2018\/04\/logo-mabi.png","type":"image\/png"}],"twitter_card":"summary_large_image","twitter_misc":{"Dur\u00e9e de lecture estim\u00e9e":"9 minutes"},"schema":{"@context":"https:\/\/schema.org","@graph":[{"@type":"WebPage","@id":"https:\/\/www.mabi.fr\/fr\/produits-et-catalogues\/produit-de-preservation\/","url":"https:\/\/www.mabi.fr\/fr\/produits-et-catalogues\/produit-de-preservation\/","name":"Produit de pr\u00e9servation - Mabi","isPartOf":{"@id":"https:\/\/www.mabi.fr\/fr\/#website"},"datePublished":"2019-12-05T14:22:47+00:00","dateModified":"2021-05-25T12:56:25+00:00","description":"Les produits de traitement insecticide propos\u00e9s ont fait l'objet d'une s\u00e9lection rigoureuse selon les normes en vigueur. Explication du CERTIBIOCIDE","breadcrumb":{"@id":"https:\/\/www.mabi.fr\/fr\/produits-et-catalogues\/produit-de-preservation\/#breadcrumb"},"inLanguage":"fr-FR","potentialAction":[{"@type":"ReadAction","target":["https:\/\/www.mabi.fr\/fr\/produits-et-catalogues\/produit-de-preservation\/"]}]},{"@type":"BreadcrumbList","@id":"https:\/\/www.mabi.fr\/fr\/produits-et-catalogues\/produit-de-preservation\/#breadcrumb","itemListElement":[{"@type":"ListItem","position":1,"name":"Accueil","item":"https:\/\/www.mabi.fr\/fr\/"},{"@type":"ListItem","position":2,"name":"Produits & Catalogues","item":"https:\/\/www.mabi.fr\/fr\/produits-et-catalogues\/"},{"@type":"ListItem","position":3,"name":"Produit de pr\u00e9servation"}]},{"@type":"WebSite","@id":"https:\/\/www.mabi.fr\/fr\/#website","url":"https:\/\/www.mabi.fr\/fr\/","name":"Mabi","description":"Traitement du bois et des murs","publisher":{"@id":"https:\/\/www.mabi.fr\/fr\/#organization"},"inLanguage":"fr-FR"},{"@type":"Organization","@id":"https:\/\/www.mabi.fr\/fr\/#organization","name":"MABI","url":"https:\/\/www.mabi.fr\/fr\/","logo":{"@type":"ImageObject","inLanguage":"fr-FR","@id":"https:\/\/www.mabi.fr\/fr\/#\/schema\/logo\/image\/","url":"https:\/\/www.mabi.fr\/wp-content\/uploads\/2018\/04\/logo-mabi.png","contentUrl":"https:\/\/www.mabi.fr\/wp-content\/uploads\/2018\/04\/logo-mabi.png","width":400,"height":165,"caption":"MABI"},"image":{"@id":"https:\/\/www.mabi.fr\/fr\/#\/schema\/logo\/image\/"},"sameAs":["https:\/\/www.facebook.com\/team.mabi\/","https:\/\/www.youtube.com\/channel\/UCROWjwVyMZg_5ybzXJofFlg"]}]}},"_links":{"self":[{"href":"https:\/\/www.mabi.fr\/fr\/wp-json\/wp\/v2\/product\/11549","targetHints":{"allow":["GET"]}}],"collection":[{"href":"https:\/\/www.mabi.fr\/fr\/wp-json\/wp\/v2\/product"}],"about":[{"href":"https:\/\/www.mabi.fr\/fr\/wp-json\/wp\/v2\/types\/product"}],"author":[{"embeddable":true,"href":"https:\/\/www.mabi.fr\/fr\/wp-json\/wp\/v2\/users\/3"}],"version-history":[{"count":6,"href":"https:\/\/www.mabi.fr\/fr\/wp-json\/wp\/v2\/product\/11549\/revisions"}],"predecessor-version":[{"id":13132,"href":"https:\/\/www.mabi.fr\/fr\/wp-json\/wp\/v2\/product\/11549\/revisions\/13132"}],"wp:attachment":[{"href":"https:\/\/www.mabi.fr\/fr\/wp-json\/wp\/v2\/media?parent=11549"}],"curies":[{"name":"wp","href":"https:\/\/api.w.org\/{rel}","templated":true}]}}